{"id":30045,"date":"2022-06-15T06:26:11","date_gmt":"2022-06-15T06:26:11","guid":{"rendered":"https:\/\/refactor-second-attempt.torseed.dev.greenparrot.pl\/produkt\/malwa-czarna-graspapier\/"},"modified":"2023-03-29T18:12:55","modified_gmt":"2023-03-29T18:12:55","slug":"malwa-czarna-graspapier","status":"publish","type":"product","link":"https:\/\/torseed.eu\/en\/produkt\/malwa-czarna-graspapier\/","title":{"rendered":"Malwa czarna GRASPAPIER"},"content":{"rendered":"<p>Ro\u015blina kilkuletnia, kt\u00f3ra w pierwszym roku uprawy tworzy rozet\u0119 li\u015bciow\u0105, a kwitnie w latach nast\u0119pnych. Jej charakterystyczne czarne kwiaty stanowi\u0105 ciekaw\u0105 przeciwwag\u0119 dla zazwyczaj jaskrawych ogrod\u00f3w. Herbaty przygotowane z zasuszonych li\u015bci s\u0105 \u0142agodne w smaku dlatego dla zwi\u0119kszenia dozna\u0144 smakowych mo\u017cna j\u0105 komponowa\u0107 z intensywniejszymi sk\u0142adnikami. Napar z kwiat\u00f3w wykazuje dzia\u0142anie antyseptyczne i odka\u017caj\u0105ce. Stosowany jest r\u00f3wnie\u017c przy nie\u017cytach g\u00f3rnych dr\u00f3g oddechowych.  <\/p>","protected":false},"excerpt":{"rendered":"<p>Ro\u015blina kilkuletnia, kt\u00f3ra w pierwszym roku uprawy tworzy rozet\u0119 li\u015bciow\u0105, a kwitnie w latach nast\u0119pnych. Jej charakterystyczne czarne kwiaty stanowi\u0105 ciekaw\u0105 przeciwwag\u0119 dla zazwyczaj jaskrawych ogrod\u00f3w. Herbaty przygotowane z zasuszonych li\u015bci s\u0105 \u0142agodne w smaku dlatego dla zwi\u0119kszenia dozna\u0144 smakowych mo\u017cna j\u0105 komponowa\u0107 z intensywniejszymi sk\u0142adnikami. Napar z kwiat\u00f3w wykazuje dzia\u0142anie antyseptyczne i odka\u017caj\u0105ce. Stosowany [&hellip;]<\/p>\n","protected":false},"featured_media":18245,"comment_status":"open","ping_status":"open","template":"","meta":{"inline_featured_image":false},"product_cat":[119],"product_tag":[],"acf":[],"featured_image":"https:\/\/torseed.eu\/app\/uploads\/2023\/03\/9175.jpg","_links":{"self":[{"href":"https:\/\/torseed.eu\/en\/wp-json\/wp\/v2\/product\/30045"}],"collection":[{"href":"https:\/\/torseed.eu\/en\/wp-json\/wp\/v2\/product"}],"about":[{"href":"https:\/\/torseed.eu\/en\/wp-json\/wp\/v2\/types\/product"}],"replies":[{"embeddable":true,"href":"https:\/\/torseed.eu\/en\/wp-json\/wp\/v2\/comments?post=30045"}],"version-history":[{"count":0,"href":"https:\/\/torseed.eu\/en\/wp-json\/wp\/v2\/product\/30045\/revisions"}],"wp:featuredmedia":[{"embeddable":true,"href":"https:\/\/torseed.eu\/en\/wp-json\/wp\/v2\/media\/18245"}],"wp:attachment":[{"href":"https:\/\/torseed.eu\/en\/wp-json\/wp\/v2\/media?parent=30045"}],"wp:term":[{"taxonomy":"product_cat","embeddable":true,"href":"https:\/\/torseed.eu\/en\/wp-json\/wp\/v2\/product_cat?post=30045"},{"taxonomy":"product_tag","embeddable":true,"href":"https:\/\/torseed.eu\/en\/wp-json\/wp\/v2\/product_tag?post=30045"}],"curies":[{"name":"wp","href":"https:\/\/api.w.org\/{rel}","templated":true}]}}