{"id":30046,"date":"2022-06-15T06:26:10","date_gmt":"2022-06-15T06:26:10","guid":{"rendered":"https:\/\/refactor-second-attempt.torseed.dev.greenparrot.pl\/produkt\/eszolcja-maczek-kalifornijski-mieszanka-graspapier\/"},"modified":"2023-03-29T18:12:56","modified_gmt":"2023-03-29T18:12:56","slug":"eszolcja-maczek-kalifornijski-mieszanka-graspapier","status":"publish","type":"product","link":"https:\/\/torseed.eu\/en\/produkt\/eszolcja-maczek-kalifornijski-mieszanka-graspapier\/","title":{"rendered":"Eszolcja (Maczek kalifornijski) mieszanka GRASPAPIER"},"content":{"rendered":"<p>Ro\u015blina jednoroczna o pi\u0119knych kwiatach, kt\u00f3ra nie wymaga nawo\u017cenia i du\u017cego podlewania. W zasadzie potrzebuje tylko s\u0142o\u0144ca, aby kwitn\u0105\u0107. Zalecany jest na rabatki i obw\u00f3dki, ale tak\u017ce wykorzystywany jest jako kwiat ci\u0119ty. W rodzimej Kalifornii wyt\u0142aczano z niego olej. Mo\u017cna r\u00f3wnie\u017c robi\u0107 z niego nalewki. Sk\u0142adniki aktywne maczka powoduj\u0105 g\u0142\u0119bokie uspokojenie. Skutecznie pomagaj\u0105 w zasypianiu i redukuj\u0105 napi\u0119cie wywo\u0142ane stresem. Wp\u0142ywaj\u0105 relaksuj\u0105co, a dodatkowo zmniejszaj\u0105 uczucie l\u0119ku i niepokoju. <\/p>","protected":false},"excerpt":{"rendered":"<p>Ro\u015blina jednoroczna o pi\u0119knych kwiatach, kt\u00f3ra nie wymaga nawo\u017cenia i du\u017cego podlewania. W zasadzie potrzebuje tylko s\u0142o\u0144ca, aby kwitn\u0105\u0107. Zalecany jest na rabatki i obw\u00f3dki, ale tak\u017ce wykorzystywany jest jako kwiat ci\u0119ty. W rodzimej Kalifornii wyt\u0142aczano z niego olej. Mo\u017cna r\u00f3wnie\u017c robi\u0107 z niego nalewki. Sk\u0142adniki aktywne maczka powoduj\u0105 g\u0142\u0119bokie uspokojenie. Skutecznie pomagaj\u0105 w zasypianiu [&hellip;]<\/p>\n","protected":false},"featured_media":18239,"comment_status":"open","ping_status":"open","template":"","meta":{"inline_featured_image":false},"product_cat":[119],"product_tag":[],"acf":[],"featured_image":"https:\/\/torseed.eu\/app\/uploads\/2023\/03\/9173.jpg","_links":{"self":[{"href":"https:\/\/torseed.eu\/en\/wp-json\/wp\/v2\/product\/30046"}],"collection":[{"href":"https:\/\/torseed.eu\/en\/wp-json\/wp\/v2\/product"}],"about":[{"href":"https:\/\/torseed.eu\/en\/wp-json\/wp\/v2\/types\/product"}],"replies":[{"embeddable":true,"href":"https:\/\/torseed.eu\/en\/wp-json\/wp\/v2\/comments?post=30046"}],"version-history":[{"count":0,"href":"https:\/\/torseed.eu\/en\/wp-json\/wp\/v2\/product\/30046\/revisions"}],"wp:featuredmedia":[{"embeddable":true,"href":"https:\/\/torseed.eu\/en\/wp-json\/wp\/v2\/media\/18239"}],"wp:attachment":[{"href":"https:\/\/torseed.eu\/en\/wp-json\/wp\/v2\/media?parent=30046"}],"wp:term":[{"taxonomy":"product_cat","embeddable":true,"href":"https:\/\/torseed.eu\/en\/wp-json\/wp\/v2\/product_cat?post=30046"},{"taxonomy":"product_tag","embeddable":true,"href":"https:\/\/torseed.eu\/en\/wp-json\/wp\/v2\/product_tag?post=30046"}],"curies":[{"name":"wp","href":"https:\/\/api.w.org\/{rel}","templated":true}]}}