{"id":30047,"date":"2022-06-15T06:26:10","date_gmt":"2022-06-15T06:26:10","guid":{"rendered":"https:\/\/refactor-second-attempt.torseed.dev.greenparrot.pl\/produkt\/majeranek-graspapier\/"},"modified":"2023-03-29T18:12:57","modified_gmt":"2023-03-29T18:12:57","slug":"majeranek-graspapier","status":"publish","type":"product","link":"https:\/\/torseed.eu\/en\/produkt\/majeranek-graspapier\/","title":{"rendered":"Majeranek GRASPAPIER"},"content":{"rendered":"<p>Ro\u015blina jednoroczna o ma\u0142ych okr\u0105g\u0142ych jasnozielonych listkach. Ma specyficzny zapach i lekko szczypi\u0105cy korzenny smak. Poprawia smak pieczonych i sma\u017conych mi\u0119s, potraw z warzyw i sos\u00f3w. Idealnie komponuje si\u0119 z ci\u0119\u017ckimi zupami, kiszon\u0105 kapust\u0105, czy t\u0142ustym drobiem. Cz\u0119sto dodawany do pasztet\u00f3w rybnych i da\u0144 z grzybami i fasol\u0105. Wzmaga trawienie, dzia\u0142a uspokajaj\u0105co ale r\u00f3wnie\u017c wiatrop\u0119dnie i moczop\u0119dnie. Stosowany w zaburzeniach trawienia, skurczach jelit i \u017co\u0142\u0105dka, wzd\u0119ciach i biegunce. Napar pomaga przy trudno goj\u0105cych sie ranach, ale r\u00f3wnie\u017c przy katarze i kaszlu. Wymaga gleby \u017cyznej, pr\u00f3chnicznej i wilgotnej oraz s\u0142onecznego stanowiska. Uprawiany r\u00f3wnie\u017c w skrzynkach i doniczkach na balkonie lub tarasie.<\/p>","protected":false},"excerpt":{"rendered":"<p>Ro\u015blina jednoroczna o ma\u0142ych okr\u0105g\u0142ych jasnozielonych listkach. Ma specyficzny zapach i lekko szczypi\u0105cy korzenny smak. Poprawia smak pieczonych i sma\u017conych mi\u0119s, potraw z warzyw i sos\u00f3w. Idealnie komponuje si\u0119 z ci\u0119\u017ckimi zupami, kiszon\u0105 kapust\u0105, czy t\u0142ustym drobiem. Cz\u0119sto dodawany do pasztet\u00f3w rybnych i da\u0144 z grzybami i fasol\u0105. Wzmaga trawienie, dzia\u0142a uspokajaj\u0105co ale r\u00f3wnie\u017c wiatrop\u0119dnie [&hellip;]<\/p>\n","protected":false},"featured_media":18242,"comment_status":"open","ping_status":"open","template":"","meta":{"inline_featured_image":false},"product_cat":[119],"product_tag":[],"acf":[],"featured_image":"https:\/\/torseed.eu\/app\/uploads\/2023\/03\/9174.jpg","_links":{"self":[{"href":"https:\/\/torseed.eu\/en\/wp-json\/wp\/v2\/product\/30047"}],"collection":[{"href":"https:\/\/torseed.eu\/en\/wp-json\/wp\/v2\/product"}],"about":[{"href":"https:\/\/torseed.eu\/en\/wp-json\/wp\/v2\/types\/product"}],"replies":[{"embeddable":true,"href":"https:\/\/torseed.eu\/en\/wp-json\/wp\/v2\/comments?post=30047"}],"version-history":[{"count":0,"href":"https:\/\/torseed.eu\/en\/wp-json\/wp\/v2\/product\/30047\/revisions"}],"wp:featuredmedia":[{"embeddable":true,"href":"https:\/\/torseed.eu\/en\/wp-json\/wp\/v2\/media\/18242"}],"wp:attachment":[{"href":"https:\/\/torseed.eu\/en\/wp-json\/wp\/v2\/media?parent=30047"}],"wp:term":[{"taxonomy":"product_cat","embeddable":true,"href":"https:\/\/torseed.eu\/en\/wp-json\/wp\/v2\/product_cat?post=30047"},{"taxonomy":"product_tag","embeddable":true,"href":"https:\/\/torseed.eu\/en\/wp-json\/wp\/v2\/product_tag?post=30047"}],"curies":[{"name":"wp","href":"https:\/\/api.w.org\/{rel}","templated":true}]}}