{"id":30048,"date":"2022-06-15T06:26:09","date_gmt":"2022-06-15T06:26:09","guid":{"rendered":"https:\/\/refactor-second-attempt.torseed.dev.greenparrot.pl\/produkt\/lubczyk-lekarski-graspapier\/"},"modified":"2023-03-29T18:12:57","modified_gmt":"2023-03-29T18:12:57","slug":"lubczyk-lekarski-graspapier","status":"publish","type":"product","link":"https:\/\/torseed.eu\/en\/produkt\/lubczyk-lekarski-graspapier\/","title":{"rendered":"Lubczyk lekarski GRASPAPIER"},"content":{"rendered":"<p>Ro\u015blina wieloletnia osi\u0105gaj\u0105ca wysoko\u015b\u0107 nawet do 2m, o du\u017cych ciemnozielonych li\u015bciach, kt\u00f3ra w lipcu zakwita na \u017c\u00f3\u0142to. Cz\u0119\u015bci\u0105 u\u017cytkow\u0105 s\u0105 li\u015bcie i ogonki li\u015bciowe zar\u00f3wno \u015bwie\u017ce, jak i suszone. Stosowana jako przyprawa w typie \u201emaggi\u201d do sos\u00f3w, pieczonego mi\u0119sa, warzyw, potraw z ry\u017cu, kasz, drobiu czy ryb. Wystarczy potrze\u0107 palcami li\u015bcie aby poczu\u0107 znajomy zapach. Jako lek pobudza apetyt oraz prac\u0119 przewodu pokarmowego (r\u00f3wnie\u017c korzenie i k\u0142\u0105cza). W farmacji stosowany do przygotowywania wywar\u00f3w i herbat. Napar z li\u015bci koi b\u00f3le g\u0142owy i brzucha. Mo\u017ce by\u0107 uprawiany r\u00f3wnie\u017c na balkonie.<\/p>","protected":false},"excerpt":{"rendered":"<p>Ro\u015blina wieloletnia osi\u0105gaj\u0105ca wysoko\u015b\u0107 nawet do 2m, o du\u017cych ciemnozielonych li\u015bciach, kt\u00f3ra w lipcu zakwita na \u017c\u00f3\u0142to. Cz\u0119\u015bci\u0105 u\u017cytkow\u0105 s\u0105 li\u015bcie i ogonki li\u015bciowe zar\u00f3wno \u015bwie\u017ce, jak i suszone. Stosowana jako przyprawa w typie \u201emaggi\u201d do sos\u00f3w, pieczonego mi\u0119sa, warzyw, potraw z ry\u017cu, kasz, drobiu czy ryb. Wystarczy potrze\u0107 palcami li\u015bcie aby poczu\u0107 znajomy zapach. [&hellip;]<\/p>\n","protected":false},"featured_media":18236,"comment_status":"open","ping_status":"open","template":"","meta":{"inline_featured_image":false},"product_cat":[119],"product_tag":[],"acf":[],"featured_image":"https:\/\/torseed.eu\/app\/uploads\/2023\/03\/9172.jpg","_links":{"self":[{"href":"https:\/\/torseed.eu\/en\/wp-json\/wp\/v2\/product\/30048"}],"collection":[{"href":"https:\/\/torseed.eu\/en\/wp-json\/wp\/v2\/product"}],"about":[{"href":"https:\/\/torseed.eu\/en\/wp-json\/wp\/v2\/types\/product"}],"replies":[{"embeddable":true,"href":"https:\/\/torseed.eu\/en\/wp-json\/wp\/v2\/comments?post=30048"}],"version-history":[{"count":0,"href":"https:\/\/torseed.eu\/en\/wp-json\/wp\/v2\/product\/30048\/revisions"}],"wp:featuredmedia":[{"embeddable":true,"href":"https:\/\/torseed.eu\/en\/wp-json\/wp\/v2\/media\/18236"}],"wp:attachment":[{"href":"https:\/\/torseed.eu\/en\/wp-json\/wp\/v2\/media?parent=30048"}],"wp:term":[{"taxonomy":"product_cat","embeddable":true,"href":"https:\/\/torseed.eu\/en\/wp-json\/wp\/v2\/product_cat?post=30048"},{"taxonomy":"product_tag","embeddable":true,"href":"https:\/\/torseed.eu\/en\/wp-json\/wp\/v2\/product_tag?post=30048"}],"curies":[{"name":"wp","href":"https:\/\/api.w.org\/{rel}","templated":true}]}}