{"id":30049,"date":"2022-06-15T06:26:08","date_gmt":"2022-06-15T06:26:08","guid":{"rendered":"https:\/\/refactor-second-attempt.torseed.dev.greenparrot.pl\/produkt\/lawenda-lekarska-graspapier\/"},"modified":"2023-03-29T18:12:58","modified_gmt":"2023-03-29T18:12:58","slug":"lawenda-lekarska-graspapier","status":"publish","type":"product","link":"https:\/\/torseed.eu\/en\/produkt\/lawenda-lekarska-graspapier\/","title":{"rendered":"Lawenda lekarska GRASPAPIER"},"content":{"rendered":"<p>Ro\u015blina wieloletnia o srebrzystych listkach i \u0142odydze zako\u0144czonej fioletowymi, niezwykle pachn\u0105cymi i dekoracyjnymi kwiatkami. Posadzona na przydomowej rabacie latem odstrasza komary, a w domu mole. Mo\u017ce by\u0107 uprawiana r\u00f3wnie\u017c na balkonie. W kuchni wykorzystywana jest do produkcji nalewek, syrop\u00f3w oraz aromatycznego cukru. Ziele posiada zastosowanie w lecznictwie, jako \u015brodek bakteriob\u00f3jczy, przeciwb\u00f3lowy oraz w stanach pobudzenia nerwowego. Lawend\u0119 wykorzystuje si\u0119 r\u00f3wnie\u017c w aromaterapii. <\/p>","protected":false},"excerpt":{"rendered":"<p>Ro\u015blina wieloletnia o srebrzystych listkach i \u0142odydze zako\u0144czonej fioletowymi, niezwykle pachn\u0105cymi i dekoracyjnymi kwiatkami. Posadzona na przydomowej rabacie latem odstrasza komary, a w domu mole. Mo\u017ce by\u0107 uprawiana r\u00f3wnie\u017c na balkonie. W kuchni wykorzystywana jest do produkcji nalewek, syrop\u00f3w oraz aromatycznego cukru. Ziele posiada zastosowanie w lecznictwie, jako \u015brodek bakteriob\u00f3jczy, przeciwb\u00f3lowy oraz w stanach pobudzenia [&hellip;]<\/p>\n","protected":false},"featured_media":18233,"comment_status":"open","ping_status":"open","template":"","meta":{"inline_featured_image":false},"product_cat":[119],"product_tag":[],"acf":[],"featured_image":"https:\/\/torseed.eu\/app\/uploads\/2023\/03\/9171.jpg","_links":{"self":[{"href":"https:\/\/torseed.eu\/en\/wp-json\/wp\/v2\/product\/30049"}],"collection":[{"href":"https:\/\/torseed.eu\/en\/wp-json\/wp\/v2\/product"}],"about":[{"href":"https:\/\/torseed.eu\/en\/wp-json\/wp\/v2\/types\/product"}],"replies":[{"embeddable":true,"href":"https:\/\/torseed.eu\/en\/wp-json\/wp\/v2\/comments?post=30049"}],"version-history":[{"count":0,"href":"https:\/\/torseed.eu\/en\/wp-json\/wp\/v2\/product\/30049\/revisions"}],"wp:featuredmedia":[{"embeddable":true,"href":"https:\/\/torseed.eu\/en\/wp-json\/wp\/v2\/media\/18233"}],"wp:attachment":[{"href":"https:\/\/torseed.eu\/en\/wp-json\/wp\/v2\/media?parent=30049"}],"wp:term":[{"taxonomy":"product_cat","embeddable":true,"href":"https:\/\/torseed.eu\/en\/wp-json\/wp\/v2\/product_cat?post=30049"},{"taxonomy":"product_tag","embeddable":true,"href":"https:\/\/torseed.eu\/en\/wp-json\/wp\/v2\/product_tag?post=30049"}],"curies":[{"name":"wp","href":"https:\/\/api.w.org\/{rel}","templated":true}]}}