{"id":30050,"date":"2022-06-15T06:26:02","date_gmt":"2022-06-15T06:26:02","guid":{"rendered":"https:\/\/refactor-second-attempt.torseed.dev.greenparrot.pl\/produkt\/koper-monarch-graspapier\/"},"modified":"2023-03-29T18:12:59","modified_gmt":"2023-03-29T18:12:59","slug":"koper-monarch-graspapier","status":"publish","type":"product","link":"https:\/\/torseed.eu\/en\/produkt\/koper-monarch-graspapier\/","title":{"rendered":"Koper Monarch GRASPAPIER"},"content":{"rendered":"<p>Odmiana silnie krzewi\u0105ca si\u0119 o niebiesko-zielonych li\u015bciach i mocnym aromacie. Mimo, \u017ce jest to odmiana o ma\u0142ej sk\u0142onno\u015bci do kwitnienia to i tak jest ozdob\u0105 ogrodu i niejednej potrawy. Daje wysoki plon zielonej masy, a jej niew\u0105tpliw\u0105 zalet\u0105 jest zdolno\u015b\u0107 do odrastania po \u015bci\u0119ciu, nawet trzykrotnego w ci\u0105gu sezonu. Koper stanowi dodatek do wielu da\u0144 mi\u0119snych, ziemniak\u00f3w i sa\u0142atek warzywnych. Doskonale aromatyzuje kiszone og\u00f3rki, wszelkie marynaty, a nawet wino. Dodatkowo \u0142agodzi niestrawno\u015b\u0107 i skurcze \u017co\u0142\u0105dkowe. Napar na bazie kopru pomaga przy zaburzeniach trawienia, wzd\u0119ciach i chorobach w\u0105troby. Wspomaga r\u00f3wnie\u017c leczenie bezsenno\u015bci i ci\u015bnienia t\u0119tniczego. <\/p>","protected":false},"excerpt":{"rendered":"<p>Odmiana silnie krzewi\u0105ca si\u0119 o niebiesko-zielonych li\u015bciach i mocnym aromacie. Mimo, \u017ce jest to odmiana o ma\u0142ej sk\u0142onno\u015bci do kwitnienia to i tak jest ozdob\u0105 ogrodu i niejednej potrawy. Daje wysoki plon zielonej masy, a jej niew\u0105tpliw\u0105 zalet\u0105 jest zdolno\u015b\u0107 do odrastania po \u015bci\u0119ciu, nawet trzykrotnego w ci\u0105gu sezonu. Koper stanowi dodatek do wielu da\u0144 [&hellip;]<\/p>\n","protected":false},"featured_media":18230,"comment_status":"open","ping_status":"open","template":"","meta":{"inline_featured_image":false},"product_cat":[119],"product_tag":[],"acf":[],"featured_image":"https:\/\/torseed.eu\/app\/uploads\/2023\/03\/9170.jpg","_links":{"self":[{"href":"https:\/\/torseed.eu\/en\/wp-json\/wp\/v2\/product\/30050"}],"collection":[{"href":"https:\/\/torseed.eu\/en\/wp-json\/wp\/v2\/product"}],"about":[{"href":"https:\/\/torseed.eu\/en\/wp-json\/wp\/v2\/types\/product"}],"replies":[{"embeddable":true,"href":"https:\/\/torseed.eu\/en\/wp-json\/wp\/v2\/comments?post=30050"}],"version-history":[{"count":0,"href":"https:\/\/torseed.eu\/en\/wp-json\/wp\/v2\/product\/30050\/revisions"}],"wp:featuredmedia":[{"embeddable":true,"href":"https:\/\/torseed.eu\/en\/wp-json\/wp\/v2\/media\/18230"}],"wp:attachment":[{"href":"https:\/\/torseed.eu\/en\/wp-json\/wp\/v2\/media?parent=30050"}],"wp:term":[{"taxonomy":"product_cat","embeddable":true,"href":"https:\/\/torseed.eu\/en\/wp-json\/wp\/v2\/product_cat?post=30050"},{"taxonomy":"product_tag","embeddable":true,"href":"https:\/\/torseed.eu\/en\/wp-json\/wp\/v2\/product_tag?post=30050"}],"curies":[{"name":"wp","href":"https:\/\/api.w.org\/{rel}","templated":true}]}}