{"id":30051,"date":"2022-06-15T06:26:01","date_gmt":"2022-06-15T06:26:01","guid":{"rendered":"https:\/\/refactor-second-attempt.torseed.dev.greenparrot.pl\/produkt\/karczoch-graspapier\/"},"modified":"2023-03-29T18:13:00","modified_gmt":"2023-03-29T18:13:00","slug":"karczoch-graspapier","status":"publish","type":"product","link":"https:\/\/torseed.eu\/en\/produkt\/karczoch-graspapier\/","title":{"rendered":"Karczoch GRASPAPIER"},"content":{"rendered":"<p>Karczoch hiszpa\u0144ski \u2013 kwiaty karczocha s\u0105 koloru niebieskiego, jednak to ich zapach stanowi o ich wyj\u0105tkowo\u015bci. Zdaniem wielu jest to zapach chleba. Bardzo dekoracyjna i okaza\u0142a ro\u015blina jednoroczna osi\u0105gaj\u0105ca nawet do 180cm wysoko\u015bci. Cz\u0119\u015bci\u0105 u\u017cytkow\u0105 s\u0105 mi\u0119siste dna kwiatowe, kt\u00f3re stosowane s\u0105 do sa\u0142atek jak kalafior czy szparagi, zar\u00f3wno na surowo jak i po ugotowaniu. Karczoch jest niskokaloryczny, dzi\u0119ki czemu jest dobrym uzupe\u0142nieniem potraw dla os\u00f3b b\u0119d\u0105cych na diecie. Jest \u017ar\u00f3d\u0142em wielu witamin i stosowany jest przy zatruciach w\u0105trobowych.<\/p>","protected":false},"excerpt":{"rendered":"<p>Karczoch hiszpa\u0144ski \u2013 kwiaty karczocha s\u0105 koloru niebieskiego, jednak to ich zapach stanowi o ich wyj\u0105tkowo\u015bci. Zdaniem wielu jest to zapach chleba. Bardzo dekoracyjna i okaza\u0142a ro\u015blina jednoroczna osi\u0105gaj\u0105ca nawet do 180cm wysoko\u015bci. Cz\u0119\u015bci\u0105 u\u017cytkow\u0105 s\u0105 mi\u0119siste dna kwiatowe, kt\u00f3re stosowane s\u0105 do sa\u0142atek jak kalafior czy szparagi, zar\u00f3wno na surowo jak i po ugotowaniu. [&hellip;]<\/p>\n","protected":false},"featured_media":18227,"comment_status":"open","ping_status":"open","template":"","meta":{"inline_featured_image":false},"product_cat":[119],"product_tag":[],"acf":[],"featured_image":"https:\/\/torseed.eu\/app\/uploads\/2023\/03\/9169.jpg","_links":{"self":[{"href":"https:\/\/torseed.eu\/en\/wp-json\/wp\/v2\/product\/30051"}],"collection":[{"href":"https:\/\/torseed.eu\/en\/wp-json\/wp\/v2\/product"}],"about":[{"href":"https:\/\/torseed.eu\/en\/wp-json\/wp\/v2\/types\/product"}],"replies":[{"embeddable":true,"href":"https:\/\/torseed.eu\/en\/wp-json\/wp\/v2\/comments?post=30051"}],"version-history":[{"count":0,"href":"https:\/\/torseed.eu\/en\/wp-json\/wp\/v2\/product\/30051\/revisions"}],"wp:featuredmedia":[{"embeddable":true,"href":"https:\/\/torseed.eu\/en\/wp-json\/wp\/v2\/media\/18227"}],"wp:attachment":[{"href":"https:\/\/torseed.eu\/en\/wp-json\/wp\/v2\/media?parent=30051"}],"wp:term":[{"taxonomy":"product_cat","embeddable":true,"href":"https:\/\/torseed.eu\/en\/wp-json\/wp\/v2\/product_cat?post=30051"},{"taxonomy":"product_tag","embeddable":true,"href":"https:\/\/torseed.eu\/en\/wp-json\/wp\/v2\/product_tag?post=30051"}],"curies":[{"name":"wp","href":"https:\/\/api.w.org\/{rel}","templated":true}]}}