{"id":30053,"date":"2022-06-15T06:25:59","date_gmt":"2022-06-15T06:25:59","guid":{"rendered":"https:\/\/refactor-second-attempt.torseed.dev.greenparrot.pl\/produkt\/jarmuz-mieszanka-odmian-graspapier\/"},"modified":"2023-03-29T18:13:02","modified_gmt":"2023-03-29T18:13:02","slug":"jarmuz-mieszanka-odmian-graspapier","status":"publish","type":"product","link":"https:\/\/torseed.eu\/en\/produkt\/jarmuz-mieszanka-odmian-graspapier\/","title":{"rendered":"Jarmu\u017c mieszanka odmian GRASPAPIER"},"content":{"rendered":"<p>Mieszanka odmian o r\u00f3\u017cnych kolorach i pokroju li\u015bci. B\u0119dzie stanowi\u0142a wyj\u0105tkow\u0105 ozdob\u0119 ka\u017cdego ogr\u00f3dka i talerza. Li\u015bcie mo\u017cna pra\u017cy\u0107, blanszowa\u0107 ale mo\u017cna r\u00f3wnie\u017c spo\u017cywa\u0107 je na surowo. Sprawdzaj\u0105 si\u0119 \u015bwietnie jako ozdoba potraw i dodatek do sok\u00f3w oraz napoi. Jarmu\u017c zawiera du\u017ce ilo\u015bci witamin (m.in. C i K) oraz sk\u0142adnik\u00f3w mineralnych. Zawiera przeciwutleniacz sulforafan, kt\u00f3ry przeciwdzia\u0142a nowotworowi prostaty, p\u0142uc, czy jelita grubego. W potrawach wegetaria\u0144skich zast\u0119puje wo\u0142owin\u0119.Stanowi doskona\u0142e \u017ar\u00f3d\u0142o wielu cennych sk\u0142adnik\u00f3w, szczeg\u00f3lnie w okresie zimowym.<\/p>","protected":false},"excerpt":{"rendered":"<p>Mieszanka odmian o r\u00f3\u017cnych kolorach i pokroju li\u015bci. B\u0119dzie stanowi\u0142a wyj\u0105tkow\u0105 ozdob\u0119 ka\u017cdego ogr\u00f3dka i talerza. Li\u015bcie mo\u017cna pra\u017cy\u0107, blanszowa\u0107 ale mo\u017cna r\u00f3wnie\u017c spo\u017cywa\u0107 je na surowo. Sprawdzaj\u0105 si\u0119 \u015bwietnie jako ozdoba potraw i dodatek do sok\u00f3w oraz napoi. Jarmu\u017c zawiera du\u017ce ilo\u015bci witamin (m.in. C i K) oraz sk\u0142adnik\u00f3w mineralnych. Zawiera przeciwutleniacz sulforafan, kt\u00f3ry [&hellip;]<\/p>\n","protected":false},"featured_media":18221,"comment_status":"open","ping_status":"open","template":"","meta":{"inline_featured_image":false},"product_cat":[119],"product_tag":[],"acf":[],"featured_image":"https:\/\/torseed.eu\/app\/uploads\/2023\/03\/9167.jpg","_links":{"self":[{"href":"https:\/\/torseed.eu\/en\/wp-json\/wp\/v2\/product\/30053"}],"collection":[{"href":"https:\/\/torseed.eu\/en\/wp-json\/wp\/v2\/product"}],"about":[{"href":"https:\/\/torseed.eu\/en\/wp-json\/wp\/v2\/types\/product"}],"replies":[{"embeddable":true,"href":"https:\/\/torseed.eu\/en\/wp-json\/wp\/v2\/comments?post=30053"}],"version-history":[{"count":0,"href":"https:\/\/torseed.eu\/en\/wp-json\/wp\/v2\/product\/30053\/revisions"}],"wp:featuredmedia":[{"embeddable":true,"href":"https:\/\/torseed.eu\/en\/wp-json\/wp\/v2\/media\/18221"}],"wp:attachment":[{"href":"https:\/\/torseed.eu\/en\/wp-json\/wp\/v2\/media?parent=30053"}],"wp:term":[{"taxonomy":"product_cat","embeddable":true,"href":"https:\/\/torseed.eu\/en\/wp-json\/wp\/v2\/product_cat?post=30053"},{"taxonomy":"product_tag","embeddable":true,"href":"https:\/\/torseed.eu\/en\/wp-json\/wp\/v2\/product_tag?post=30053"}],"curies":[{"name":"wp","href":"https:\/\/api.w.org\/{rel}","templated":true}]}}