{"id":30054,"date":"2022-06-15T06:25:58","date_gmt":"2022-06-15T06:25:58","guid":{"rendered":"https:\/\/refactor-second-attempt.torseed.dev.greenparrot.pl\/produkt\/hyzop-lekarski-graspapier\/"},"modified":"2023-03-29T18:13:03","modified_gmt":"2023-03-29T18:13:03","slug":"hyzop-lekarski-graspapier","status":"publish","type":"product","link":"https:\/\/torseed.eu\/en\/produkt\/hyzop-lekarski-graspapier\/","title":{"rendered":"Hyzop lekarski GRASPAPIER"},"content":{"rendered":"<p>Hyzop lekarski &#8211; \u201eJ\u00f3zefek\u201d \u2013 ro\u015blina wieloletnia o drobnych, w\u0105skich i lancetowatych listkach. W k\u0105cikach li\u015bci, na szczycie \u0142odygi pojawiaj\u0105 si\u0119 w lipcu i sierpniu drobne kwiatki w kolorze bia\u0142ym, niebieskim lub r\u00f3\u017cowym. Hyzop jest ro\u015blin\u0105 miododajn\u0105 na gleby suche i piaszczyste. Jego suszone lub \u015bwie\u017ce ziele stosowane jest jako przyprawa kuchenna. Zaostrza smak ma\u0142o wyrazistych potraw. W kuchni staropolskiej dodawany by\u0142 do zupy fasolowej i ziemniaczanej, ale r\u00f3wnie\u017c do ser\u00f3w, twarog\u00f3w, czy pasztet\u00f3w. Hyzop pomaga w leczeniu niestrawno\u015bci, nie\u017cytu b\u0142on \u015bluzowych przewodu pokarmowego i oskrzeli. Poprawia perystaltyk\u0119 jelit i dzia\u0142a moczop\u0119dnie. Wykazuje r\u00f3wnie\u017c silne dzia\u0142anie oczyszczaj\u0105ce i przeciwzapalne.<\/p>","protected":false},"excerpt":{"rendered":"<p>Hyzop lekarski &#8211; \u201eJ\u00f3zefek\u201d \u2013 ro\u015blina wieloletnia o drobnych, w\u0105skich i lancetowatych listkach. W k\u0105cikach li\u015bci, na szczycie \u0142odygi pojawiaj\u0105 si\u0119 w lipcu i sierpniu drobne kwiatki w kolorze bia\u0142ym, niebieskim lub r\u00f3\u017cowym. Hyzop jest ro\u015blin\u0105 miododajn\u0105 na gleby suche i piaszczyste. Jego suszone lub \u015bwie\u017ce ziele stosowane jest jako przyprawa kuchenna. Zaostrza smak ma\u0142o [&hellip;]<\/p>\n","protected":false},"featured_media":18218,"comment_status":"open","ping_status":"open","template":"","meta":{"inline_featured_image":false},"product_cat":[119],"product_tag":[],"acf":[],"featured_image":"https:\/\/torseed.eu\/app\/uploads\/2023\/03\/9166.jpg","_links":{"self":[{"href":"https:\/\/torseed.eu\/en\/wp-json\/wp\/v2\/product\/30054"}],"collection":[{"href":"https:\/\/torseed.eu\/en\/wp-json\/wp\/v2\/product"}],"about":[{"href":"https:\/\/torseed.eu\/en\/wp-json\/wp\/v2\/types\/product"}],"replies":[{"embeddable":true,"href":"https:\/\/torseed.eu\/en\/wp-json\/wp\/v2\/comments?post=30054"}],"version-history":[{"count":0,"href":"https:\/\/torseed.eu\/en\/wp-json\/wp\/v2\/product\/30054\/revisions"}],"wp:featuredmedia":[{"embeddable":true,"href":"https:\/\/torseed.eu\/en\/wp-json\/wp\/v2\/media\/18218"}],"wp:attachment":[{"href":"https:\/\/torseed.eu\/en\/wp-json\/wp\/v2\/media?parent=30054"}],"wp:term":[{"taxonomy":"product_cat","embeddable":true,"href":"https:\/\/torseed.eu\/en\/wp-json\/wp\/v2\/product_cat?post=30054"},{"taxonomy":"product_tag","embeddable":true,"href":"https:\/\/torseed.eu\/en\/wp-json\/wp\/v2\/product_tag?post=30054"}],"curies":[{"name":"wp","href":"https:\/\/api.w.org\/{rel}","templated":true}]}}