{"id":30055,"date":"2022-06-15T06:25:57","date_gmt":"2022-06-15T06:25:57","guid":{"rendered":"https:\/\/refactor-second-attempt.torseed.dev.greenparrot.pl\/produkt\/endywia-mieszanka-odmian-graspapier\/"},"modified":"2023-03-29T18:13:04","modified_gmt":"2023-03-29T18:13:04","slug":"endywia-mieszanka-odmian-graspapier","status":"publish","type":"product","link":"https:\/\/torseed.eu\/en\/produkt\/endywia-mieszanka-odmian-graspapier\/","title":{"rendered":"Endywia mieszanka odmian GRASPAPIER"},"content":{"rendered":"<p>Mieszanka kilku odmian zr\u00f3\u017cnicowanych pod wzgl\u0119dem formy, koloru i k\u0119dzierzawo\u015bci li\u015bci, kt\u00f3re doskonale nadaj\u0105 si\u0119 do sa\u0142atek i mieszanek warzywnych nadaj\u0105c im niepowtarzalnego smaku i wygl\u0105du. A jej intensywny zielony kolor doda uroku ka\u017cdemu warzywnemu ogr\u00f3dkowi. Li\u015bcie maj\u0105 lekko orzechowy i gorzkawy smak. Aby zwi\u0119kszy\u0107 ich krucho\u015b\u0107 i pozbawi\u0107 goryczki mo\u017cna wykona\u0107 na 2-3 tygodnie przed zbiorem \u201ebielenie\u201d rozet poprzez zwi\u0105zanie ich w po\u0142owie wysoko\u015bci. Endywia zawiera wi\u0119cej potasu oraz innych biopierwiastk\u00f3w ani\u017celi sa\u0142ata. Zawiera m.in. du\u017c\u0105 ilo\u015b\u0107 witaminy C, B, A, a jej spo\u017cywanie korzystnie wp\u0142ywa na procesy trawienne.<\/p>","protected":false},"excerpt":{"rendered":"<p>Mieszanka kilku odmian zr\u00f3\u017cnicowanych pod wzgl\u0119dem formy, koloru i k\u0119dzierzawo\u015bci li\u015bci, kt\u00f3re doskonale nadaj\u0105 si\u0119 do sa\u0142atek i mieszanek warzywnych nadaj\u0105c im niepowtarzalnego smaku i wygl\u0105du. A jej intensywny zielony kolor doda uroku ka\u017cdemu warzywnemu ogr\u00f3dkowi. Li\u015bcie maj\u0105 lekko orzechowy i gorzkawy smak. Aby zwi\u0119kszy\u0107 ich krucho\u015b\u0107 i pozbawi\u0107 goryczki mo\u017cna wykona\u0107 na 2-3 tygodnie [&hellip;]<\/p>\n","protected":false},"featured_media":18215,"comment_status":"open","ping_status":"open","template":"","meta":{"inline_featured_image":false},"product_cat":[119],"product_tag":[],"acf":[],"featured_image":"https:\/\/torseed.eu\/app\/uploads\/2023\/03\/9165.jpg","_links":{"self":[{"href":"https:\/\/torseed.eu\/en\/wp-json\/wp\/v2\/product\/30055"}],"collection":[{"href":"https:\/\/torseed.eu\/en\/wp-json\/wp\/v2\/product"}],"about":[{"href":"https:\/\/torseed.eu\/en\/wp-json\/wp\/v2\/types\/product"}],"replies":[{"embeddable":true,"href":"https:\/\/torseed.eu\/en\/wp-json\/wp\/v2\/comments?post=30055"}],"version-history":[{"count":0,"href":"https:\/\/torseed.eu\/en\/wp-json\/wp\/v2\/product\/30055\/revisions"}],"wp:featuredmedia":[{"embeddable":true,"href":"https:\/\/torseed.eu\/en\/wp-json\/wp\/v2\/media\/18215"}],"wp:attachment":[{"href":"https:\/\/torseed.eu\/en\/wp-json\/wp\/v2\/media?parent=30055"}],"wp:term":[{"taxonomy":"product_cat","embeddable":true,"href":"https:\/\/torseed.eu\/en\/wp-json\/wp\/v2\/product_cat?post=30055"},{"taxonomy":"product_tag","embeddable":true,"href":"https:\/\/torseed.eu\/en\/wp-json\/wp\/v2\/product_tag?post=30055"}],"curies":[{"name":"wp","href":"https:\/\/api.w.org\/{rel}","templated":true}]}}