{"id":30056,"date":"2022-06-15T06:25:56","date_gmt":"2022-06-15T06:25:56","guid":{"rendered":"https:\/\/refactor-second-attempt.torseed.dev.greenparrot.pl\/produkt\/pomidor-czeresniowy-typ-cherry-cytrynek-groniasty-graspapier\/"},"modified":"2023-03-29T18:13:05","modified_gmt":"2023-03-29T18:13:05","slug":"pomidor-czeresniowy-typ-cherry-cytrynek-groniasty-graspapier","status":"publish","type":"product","link":"https:\/\/torseed.eu\/en\/produkt\/pomidor-czeresniowy-typ-cherry-cytrynek-groniasty-graspapier\/","title":{"rendered":"Pomidor czere\u015bniowy (typ &#8216;cherry`) Cytrynek Groniasty GRASPAPIER"},"content":{"rendered":"<p>Pomidor Cytrynek Groniasty \u2013 wczesna odmiana pomidora koktajlowego przeznaczona do uprawy w nieogrzewanych tunelach, w polu oraz na balkonie. W jednym gronie uzyskamy nawet do 65 drobnych \u017c\u00f3\u0142tych pomidork\u00f3w. Cytrynek ze wzgl\u0119du na swoj\u0105 odporno\u015b\u0107 polecany jest do uprawy ekologicznej. Uprawiany w przydomowym ogr\u00f3dku lub na balkonie b\u0119dzie upi\u0119ksza\u0142 warzywniki i kwietniki. A dzieci z ch\u0119ci\u0105 si\u0119gaj\u0105 po jego s\u0142odkie owoce, jak po najlepsze cukierki.  Kolor i smak jest r\u00f3wnie\u017c szeroko wykorzystywany w kuchni. R\u00f3wnie\u017c do dekoracji. Pomidory zawieraj\u0105 mn\u00f3stwo witamin i sk\u0142adnik\u00f3w mineralnych. Wzmacniaj\u0105 odporno\u015b\u0107 i przeciwdzia\u0142aj\u0105 starzeniu si\u0119 sk\u00f3ry, dzia\u0142aj\u0105 moczop\u0119dnie i antynowotworowo. Zapobiegaj\u0105 r\u00f3wnie\u017c mia\u017cd\u017cycy i zawa\u0142om serca.<\/p>","protected":false},"excerpt":{"rendered":"<p>Pomidor Cytrynek Groniasty \u2013 wczesna odmiana pomidora koktajlowego przeznaczona do uprawy w nieogrzewanych tunelach, w polu oraz na balkonie. W jednym gronie uzyskamy nawet do 65 drobnych \u017c\u00f3\u0142tych pomidork\u00f3w. Cytrynek ze wzgl\u0119du na swoj\u0105 odporno\u015b\u0107 polecany jest do uprawy ekologicznej. Uprawiany w przydomowym ogr\u00f3dku lub na balkonie b\u0119dzie upi\u0119ksza\u0142 warzywniki i kwietniki. A dzieci z [&hellip;]<\/p>\n","protected":false},"featured_media":18209,"comment_status":"open","ping_status":"open","template":"","meta":{"inline_featured_image":false},"product_cat":[119],"product_tag":[],"acf":[],"featured_image":"https:\/\/torseed.eu\/app\/uploads\/2023\/03\/9163.jpg","_links":{"self":[{"href":"https:\/\/torseed.eu\/en\/wp-json\/wp\/v2\/product\/30056"}],"collection":[{"href":"https:\/\/torseed.eu\/en\/wp-json\/wp\/v2\/product"}],"about":[{"href":"https:\/\/torseed.eu\/en\/wp-json\/wp\/v2\/types\/product"}],"replies":[{"embeddable":true,"href":"https:\/\/torseed.eu\/en\/wp-json\/wp\/v2\/comments?post=30056"}],"version-history":[{"count":0,"href":"https:\/\/torseed.eu\/en\/wp-json\/wp\/v2\/product\/30056\/revisions"}],"wp:featuredmedia":[{"embeddable":true,"href":"https:\/\/torseed.eu\/en\/wp-json\/wp\/v2\/media\/18209"}],"wp:attachment":[{"href":"https:\/\/torseed.eu\/en\/wp-json\/wp\/v2\/media?parent=30056"}],"wp:term":[{"taxonomy":"product_cat","embeddable":true,"href":"https:\/\/torseed.eu\/en\/wp-json\/wp\/v2\/product_cat?post=30056"},{"taxonomy":"product_tag","embeddable":true,"href":"https:\/\/torseed.eu\/en\/wp-json\/wp\/v2\/product_tag?post=30056"}],"curies":[{"name":"wp","href":"https:\/\/api.w.org\/{rel}","templated":true}]}}