{"id":30060,"date":"2022-06-15T06:25:48","date_gmt":"2022-06-15T06:25:48","guid":{"rendered":"https:\/\/refactor-second-attempt.torseed.dev.greenparrot.pl\/produkt\/burak-cwiklowy-sniezna-kula-graspapier\/"},"modified":"2023-03-29T18:13:08","modified_gmt":"2023-03-29T18:13:08","slug":"burak-cwiklowy-sniezna-kula-graspapier","status":"publish","type":"product","link":"https:\/\/torseed.eu\/en\/produkt\/burak-cwiklowy-sniezna-kula-graspapier\/","title":{"rendered":"Burak \u0107wik\u0142owy \u015anie\u017cna Kula GRASPAPIER"},"content":{"rendered":"<p>Jedyna odmiana bia\u0142ego buraka \u0107wik\u0142owego. Korze\u0144 kulisty o g\u0142adkiej sk\u00f3rce. Mi\u0105\u017csz wyj\u0105tkowo smaczny o wysokiej zawarto\u015bci suchej masy (ok. 16%) i cukr\u00f3w (ok. 11%), doskona\u0142y do kosnerwowania (kostka, plastry), r\u00f3wnie\u017c w mieszankach z innymi warzywami. Przydatny tak\u017ce do robienia mro\u017conek, zapiekanek i bia\u0142ego barszczu.<\/p>","protected":false},"excerpt":{"rendered":"<p>Jedyna odmiana bia\u0142ego buraka \u0107wik\u0142owego. Korze\u0144 kulisty o g\u0142adkiej sk\u00f3rce. Mi\u0105\u017csz wyj\u0105tkowo smaczny o wysokiej zawarto\u015bci suchej masy (ok. 16%) i cukr\u00f3w (ok. 11%), doskona\u0142y do kosnerwowania (kostka, plastry), r\u00f3wnie\u017c w mieszankach z innymi warzywami. Przydatny tak\u017ce do robienia mro\u017conek, zapiekanek i bia\u0142ego barszczu.<\/p>\n","protected":false},"featured_media":18200,"comment_status":"open","ping_status":"open","template":"","meta":{"inline_featured_image":false},"product_cat":[119],"product_tag":[],"acf":[],"featured_image":"https:\/\/torseed.eu\/app\/uploads\/2023\/03\/9160.jpg","_links":{"self":[{"href":"https:\/\/torseed.eu\/en\/wp-json\/wp\/v2\/product\/30060"}],"collection":[{"href":"https:\/\/torseed.eu\/en\/wp-json\/wp\/v2\/product"}],"about":[{"href":"https:\/\/torseed.eu\/en\/wp-json\/wp\/v2\/types\/product"}],"replies":[{"embeddable":true,"href":"https:\/\/torseed.eu\/en\/wp-json\/wp\/v2\/comments?post=30060"}],"version-history":[{"count":0,"href":"https:\/\/torseed.eu\/en\/wp-json\/wp\/v2\/product\/30060\/revisions"}],"wp:featuredmedia":[{"embeddable":true,"href":"https:\/\/torseed.eu\/en\/wp-json\/wp\/v2\/media\/18200"}],"wp:attachment":[{"href":"https:\/\/torseed.eu\/en\/wp-json\/wp\/v2\/media?parent=30060"}],"wp:term":[{"taxonomy":"product_cat","embeddable":true,"href":"https:\/\/torseed.eu\/en\/wp-json\/wp\/v2\/product_cat?post=30060"},{"taxonomy":"product_tag","embeddable":true,"href":"https:\/\/torseed.eu\/en\/wp-json\/wp\/v2\/product_tag?post=30060"}],"curies":[{"name":"wp","href":"https:\/\/api.w.org\/{rel}","templated":true}]}}