{"id":30061,"date":"2022-06-15T06:25:47","date_gmt":"2022-06-15T06:25:47","guid":{"rendered":"https:\/\/refactor-second-attempt.torseed.dev.greenparrot.pl\/produkt\/brokul-wloski-calabrese-natalino-graspapier\/"},"modified":"2023-03-29T18:13:09","modified_gmt":"2023-03-29T18:13:09","slug":"brokul-wloski-calabrese-natalino-graspapier","status":"publish","type":"product","link":"https:\/\/torseed.eu\/en\/produkt\/brokul-wloski-calabrese-natalino-graspapier\/","title":{"rendered":"Broku\u0142 w\u0142oski Calabrese natalino GRASPAPIER"},"content":{"rendered":"<p>Odmiana do uprawy g\u0142\u00f3wnie na zbi\u00f3r jesienny. Wi\u0105zanie r\u00f3\u017c po 40-50 dniach od wysadzenia rozsady. R\u00f3\u017ce wypuk\u0142e, ciemnozielone, \u015bcis\u0142e.<\/p>","protected":false},"excerpt":{"rendered":"<p>Odmiana do uprawy g\u0142\u00f3wnie na zbi\u00f3r jesienny. Wi\u0105zanie r\u00f3\u017c po 40-50 dniach od wysadzenia rozsady. R\u00f3\u017ce wypuk\u0142e, ciemnozielone, \u015bcis\u0142e.<\/p>\n","protected":false},"featured_media":18194,"comment_status":"open","ping_status":"open","template":"","meta":{"inline_featured_image":false},"product_cat":[119],"product_tag":[],"acf":[],"featured_image":"https:\/\/torseed.eu\/app\/uploads\/2023\/03\/9199.jpg","_links":{"self":[{"href":"https:\/\/torseed.eu\/en\/wp-json\/wp\/v2\/product\/30061"}],"collection":[{"href":"https:\/\/torseed.eu\/en\/wp-json\/wp\/v2\/product"}],"about":[{"href":"https:\/\/torseed.eu\/en\/wp-json\/wp\/v2\/types\/product"}],"replies":[{"embeddable":true,"href":"https:\/\/torseed.eu\/en\/wp-json\/wp\/v2\/comments?post=30061"}],"version-history":[{"count":0,"href":"https:\/\/torseed.eu\/en\/wp-json\/wp\/v2\/product\/30061\/revisions"}],"wp:featuredmedia":[{"embeddable":true,"href":"https:\/\/torseed.eu\/en\/wp-json\/wp\/v2\/media\/18194"}],"wp:attachment":[{"href":"https:\/\/torseed.eu\/en\/wp-json\/wp\/v2\/media?parent=30061"}],"wp:term":[{"taxonomy":"product_cat","embeddable":true,"href":"https:\/\/torseed.eu\/en\/wp-json\/wp\/v2\/product_cat?post=30061"},{"taxonomy":"product_tag","embeddable":true,"href":"https:\/\/torseed.eu\/en\/wp-json\/wp\/v2\/product_tag?post=30061"}],"curies":[{"name":"wp","href":"https:\/\/api.w.org\/{rel}","templated":true}]}}