{"id":30062,"date":"2022-06-15T06:25:47","date_gmt":"2022-06-15T06:25:47","guid":{"rendered":"https:\/\/refactor-second-attempt.torseed.dev.greenparrot.pl\/produkt\/brukiew-nadmorska-graspapier\/"},"modified":"2023-03-29T18:13:10","modified_gmt":"2023-03-29T18:13:10","slug":"brukiew-nadmorska-graspapier","status":"publish","type":"product","link":"https:\/\/torseed.eu\/en\/produkt\/brukiew-nadmorska-graspapier\/","title":{"rendered":"Brukiew Nadmorska GRASPAPIER"},"content":{"rendered":"<p>Ro\u015blina warzywna i pastewna o niewielkich wymaganiach glebowych. Korzenie \u0142atwe w przechowywaniu, zawieraj\u0105 du\u017co cukr\u00f3w, soli mineralnych i witamin. Uprawiana z siewu wprost w pole, b\u0105d\u017a z rozsady.<\/p>","protected":false},"excerpt":{"rendered":"<p>Ro\u015blina warzywna i pastewna o niewielkich wymaganiach glebowych. Korzenie \u0142atwe w przechowywaniu, zawieraj\u0105 du\u017co cukr\u00f3w, soli mineralnych i witamin. Uprawiana z siewu wprost w pole, b\u0105d\u017a z rozsady.<\/p>\n","protected":false},"featured_media":18197,"comment_status":"open","ping_status":"open","template":"","meta":{"inline_featured_image":false},"product_cat":[119],"product_tag":[],"acf":[],"featured_image":"https:\/\/torseed.eu\/app\/uploads\/2023\/03\/9200.jpg","_links":{"self":[{"href":"https:\/\/torseed.eu\/en\/wp-json\/wp\/v2\/product\/30062"}],"collection":[{"href":"https:\/\/torseed.eu\/en\/wp-json\/wp\/v2\/product"}],"about":[{"href":"https:\/\/torseed.eu\/en\/wp-json\/wp\/v2\/types\/product"}],"replies":[{"embeddable":true,"href":"https:\/\/torseed.eu\/en\/wp-json\/wp\/v2\/comments?post=30062"}],"version-history":[{"count":0,"href":"https:\/\/torseed.eu\/en\/wp-json\/wp\/v2\/product\/30062\/revisions"}],"wp:featuredmedia":[{"embeddable":true,"href":"https:\/\/torseed.eu\/en\/wp-json\/wp\/v2\/media\/18197"}],"wp:attachment":[{"href":"https:\/\/torseed.eu\/en\/wp-json\/wp\/v2\/media?parent=30062"}],"wp:term":[{"taxonomy":"product_cat","embeddable":true,"href":"https:\/\/torseed.eu\/en\/wp-json\/wp\/v2\/product_cat?post=30062"},{"taxonomy":"product_tag","embeddable":true,"href":"https:\/\/torseed.eu\/en\/wp-json\/wp\/v2\/product_tag?post=30062"}],"curies":[{"name":"wp","href":"https:\/\/api.w.org\/{rel}","templated":true}]}}