{"id":30081,"date":"2022-06-15T06:25:20","date_gmt":"2022-06-15T06:25:20","guid":{"rendered":"https:\/\/refactor-second-attempt.torseed.dev.greenparrot.pl\/produkt\/nasiona-na-kielki-mieszanka-pikantna-ostra\/"},"modified":"2023-03-29T18:13:40","modified_gmt":"2023-03-29T18:13:40","slug":"nasiona-na-kielki-mieszanka-pikantna-ostra","status":"publish","type":"product","link":"https:\/\/torseed.eu\/en\/produkt\/nasiona-na-kielki-mieszanka-pikantna-ostra\/","title":{"rendered":"Nasiona na kie\u0142ki mieszanka pikantna (ostra)"},"content":{"rendered":"<p>Specjalnie skomponowana mieszanka o\u00a0szerokim sk\u0142adzie gatunkowym. Wyro\u015bni\u0119te z\u00a0niej kie\u0142ki s\u0105\u00a0naturalnym \u017ar\u00f3d\u0142em witamin z\u00a0grupy A,\u00a0B,\u00a0C,\u00a0D,\u00a0E,\u00a0kwasu foliowego, aminokwas\u00f3w, ca\u0142ej gamy mikroelement\u00f3w, enzym\u00f3w oraz innych substancji aktywnych. Sk\u0142adniki te\u00a0s\u0105\u00a0\u0142atwo przyswajalne, niskokaloryczne, wspomagaj\u0105 procesy fizjologiczne cz\u0142owieka, a\u00a0tak\u017ce podnosz\u0105 jego odporno\u015b\u0107. Wykazuj\u0105 te\u017c\u00a0dzia\u0142anie antynowotworowe, obni\u017caj\u0105 poziom z\u0142ego cholesterolu i\u00a0tr\u00f3j-gliceryd\u00f3w, reguluj\u0105 procesy trawienia oraz przemiany materii organizmu. Wskazane jest spo\u017cywanie kie\u0142k\u00f3w na\u00a0surowo, w\u00f3wczas zachowuj\u0105\u00a0 najwi\u0119cej swoich warto\u015bci zdrowotnych. Stanowi\u0105 doskona\u0142y dodatek do\u00a0kanapek, sa\u0142atek, past twarogowych i\u00a0rybnych, a\u00a0tak\u017ce do\u00a0da\u0144\u00a0obiadowych.<\/p>","protected":false},"excerpt":{"rendered":"<p>Specjalnie skomponowana mieszanka o\u00a0szerokim sk\u0142adzie gatunkowym. Wyro\u015bni\u0119te z\u00a0niej kie\u0142ki s\u0105\u00a0naturalnym \u017ar\u00f3d\u0142em witamin z\u00a0grupy A,\u00a0B,\u00a0C,\u00a0D,\u00a0E,\u00a0kwasu foliowego, aminokwas\u00f3w, ca\u0142ej gamy mikroelement\u00f3w, enzym\u00f3w oraz innych substancji aktywnych. Sk\u0142adniki te\u00a0s\u0105\u00a0\u0142atwo przyswajalne, niskokaloryczne, wspomagaj\u0105 procesy fizjologiczne cz\u0142owieka, a\u00a0tak\u017ce podnosz\u0105 jego odporno\u015b\u0107. Wykazuj\u0105 te\u017c\u00a0dzia\u0142anie antynowotworowe, obni\u017caj\u0105 poziom z\u0142ego cholesterolu i\u00a0tr\u00f3j-gliceryd\u00f3w, reguluj\u0105 procesy trawienia oraz przemiany materii organizmu. Wskazane jest spo\u017cywanie kie\u0142k\u00f3w [&hellip;]<\/p>\n","protected":false},"featured_media":18132,"comment_status":"open","ping_status":"closed","template":"","meta":{"inline_featured_image":false},"product_cat":[99,103],"product_tag":[],"acf":[],"featured_image":"https:\/\/torseed.eu\/app\/uploads\/2023\/03\/9203.jpg","_links":{"self":[{"href":"https:\/\/torseed.eu\/en\/wp-json\/wp\/v2\/product\/30081"}],"collection":[{"href":"https:\/\/torseed.eu\/en\/wp-json\/wp\/v2\/product"}],"about":[{"href":"https:\/\/torseed.eu\/en\/wp-json\/wp\/v2\/types\/product"}],"replies":[{"embeddable":true,"href":"https:\/\/torseed.eu\/en\/wp-json\/wp\/v2\/comments?post=30081"}],"version-history":[{"count":0,"href":"https:\/\/torseed.eu\/en\/wp-json\/wp\/v2\/product\/30081\/revisions"}],"wp:featuredmedia":[{"embeddable":true,"href":"https:\/\/torseed.eu\/en\/wp-json\/wp\/v2\/media\/18132"}],"wp:attachment":[{"href":"https:\/\/torseed.eu\/en\/wp-json\/wp\/v2\/media?parent=30081"}],"wp:term":[{"taxonomy":"product_cat","embeddable":true,"href":"https:\/\/torseed.eu\/en\/wp-json\/wp\/v2\/product_cat?post=30081"},{"taxonomy":"product_tag","embeddable":true,"href":"https:\/\/torseed.eu\/en\/wp-json\/wp\/v2\/product_tag?post=30081"}],"curies":[{"name":"wp","href":"https:\/\/api.w.org\/{rel}","templated":true}]}}