{"id":30083,"date":"2022-06-15T06:25:18","date_gmt":"2022-06-15T06:25:18","guid":{"rendered":"https:\/\/refactor-second-attempt.torseed.dev.greenparrot.pl\/produkt\/nasiona-na-kielki-soczewica\/"},"modified":"2023-03-29T18:13:41","modified_gmt":"2023-03-29T18:13:41","slug":"nasiona-na-kielki-soczewica","status":"publish","type":"product","link":"https:\/\/torseed.eu\/en\/produkt\/nasiona-na-kielki-soczewica\/","title":{"rendered":"Nasiona na kie\u0142ki Soczewica"},"content":{"rendered":"<p>Kie\u0142ki s\u0105 \u017ar\u00f3d\u0142em cennych sk\u0142adnik\u00f3w odzywczych, witamin, mikroelement\u00f3w i enzym\u00f3w. nadaj\u0105 si\u0119 zar\u00f3wno do jedzenia na surowo w sa\u0142atkach, sur\u00f3wkach, jak i do potraw ciep\u0142ych. Zawieraj\u0105 du\u017co \u017celaza, magnezu i wit. C. Dobrze wp\u0142ywaj\u0105 na stan z\u0119b\u00f3w. Regularne spo\u017cywanie przeciwdzia\u0142a nowotworom, wirusom, u\u0142atwia trawienie, uaktywnia system odporno\u015bciowy organizmu. Wyst\u0119puje w nich kwas foliowy, potrzebny zw\u0142aszcza kobietom w ci\u0105\u017cy wp\u0142ywaj\u0105c na prawid\u0142owy rozw\u00f3j p\u0142odu.<\/p>","protected":false},"excerpt":{"rendered":"<p>Kie\u0142ki s\u0105 \u017ar\u00f3d\u0142em cennych sk\u0142adnik\u00f3w odzywczych, witamin, mikroelement\u00f3w i enzym\u00f3w. nadaj\u0105 si\u0119 zar\u00f3wno do jedzenia na surowo w sa\u0142atkach, sur\u00f3wkach, jak i do potraw ciep\u0142ych. Zawieraj\u0105 du\u017co \u017celaza, magnezu i wit. C. Dobrze wp\u0142ywaj\u0105 na stan z\u0119b\u00f3w. Regularne spo\u017cywanie przeciwdzia\u0142a nowotworom, wirusom, u\u0142atwia trawienie, uaktywnia system odporno\u015bciowy organizmu. Wyst\u0119puje w nich kwas foliowy, potrzebny zw\u0142aszcza [&hellip;]<\/p>\n","protected":false},"featured_media":18126,"comment_status":"open","ping_status":"closed","template":"","meta":{"inline_featured_image":false},"product_cat":[99,103],"product_tag":[],"acf":[],"featured_image":"https:\/\/torseed.eu\/app\/uploads\/2023\/03\/643.jpg","_links":{"self":[{"href":"https:\/\/torseed.eu\/en\/wp-json\/wp\/v2\/product\/30083"}],"collection":[{"href":"https:\/\/torseed.eu\/en\/wp-json\/wp\/v2\/product"}],"about":[{"href":"https:\/\/torseed.eu\/en\/wp-json\/wp\/v2\/types\/product"}],"replies":[{"embeddable":true,"href":"https:\/\/torseed.eu\/en\/wp-json\/wp\/v2\/comments?post=30083"}],"version-history":[{"count":0,"href":"https:\/\/torseed.eu\/en\/wp-json\/wp\/v2\/product\/30083\/revisions"}],"wp:featuredmedia":[{"embeddable":true,"href":"https:\/\/torseed.eu\/en\/wp-json\/wp\/v2\/media\/18126"}],"wp:attachment":[{"href":"https:\/\/torseed.eu\/en\/wp-json\/wp\/v2\/media?parent=30083"}],"wp:term":[{"taxonomy":"product_cat","embeddable":true,"href":"https:\/\/torseed.eu\/en\/wp-json\/wp\/v2\/product_cat?post=30083"},{"taxonomy":"product_tag","embeddable":true,"href":"https:\/\/torseed.eu\/en\/wp-json\/wp\/v2\/product_tag?post=30083"}],"curies":[{"name":"wp","href":"https:\/\/api.w.org\/{rel}","templated":true}]}}