{"id":30085,"date":"2022-06-15T06:25:16","date_gmt":"2022-06-15T06:25:16","guid":{"rendered":"https:\/\/refactor-second-attempt.torseed.dev.greenparrot.pl\/produkt\/nasiona-na-kielki-siemie-lniane\/"},"modified":"2023-03-29T18:13:56","modified_gmt":"2023-03-29T18:13:56","slug":"nasiona-na-kielki-siemie-lniane","status":"publish","type":"product","link":"https:\/\/torseed.eu\/en\/produkt\/nasiona-na-kielki-siemie-lniane\/","title":{"rendered":"Nasiona na kie\u0142ki Siemi\u0119 lniane"},"content":{"rendered":"<p>Kie\u0142ki siemienia lnianego s\u0105 bardzo bogate w witaminy E, K, B, C, kwasy omega-3 oraz omega-6. Zawieraj\u0105 tak\u017ce du\u017ce ilo\u015bci wapnia, \u017celaza, fosforu i magnezu. Zapobiegaj\u0105 powstawaniu z\u0142ego cholesterolu, dzia\u0142aj\u0105 os\u0142onowo na uk\u0142ad pokarmowy, wspomagaj\u0105 r\u00f3wnie\u017c funkcjonowanie uk\u0142adu krwiono\u015bnego i nerwowego. Posiadaj\u0105 bardzo korzystny wp\u0142yw na sk\u00f3r\u0119, w\u0142osy i paznokcie.<\/p>","protected":false},"excerpt":{"rendered":"<p>Kie\u0142ki siemienia lnianego s\u0105 bardzo bogate w witaminy E, K, B, C, kwasy omega-3 oraz omega-6. Zawieraj\u0105 tak\u017ce du\u017ce ilo\u015bci wapnia, \u017celaza, fosforu i magnezu. Zapobiegaj\u0105 powstawaniu z\u0142ego cholesterolu, dzia\u0142aj\u0105 os\u0142onowo na uk\u0142ad pokarmowy, wspomagaj\u0105 r\u00f3wnie\u017c funkcjonowanie uk\u0142adu krwiono\u015bnego i nerwowego. Posiadaj\u0105 bardzo korzystny wp\u0142yw na sk\u00f3r\u0119, w\u0142osy i paznokcie.<\/p>\n","protected":false},"featured_media":18120,"comment_status":"open","ping_status":"closed","template":"","meta":{"inline_featured_image":false},"product_cat":[99,103],"product_tag":[],"acf":[],"featured_image":"https:\/\/torseed.eu\/app\/uploads\/2023\/03\/9478.jpg","_links":{"self":[{"href":"https:\/\/torseed.eu\/en\/wp-json\/wp\/v2\/product\/30085"}],"collection":[{"href":"https:\/\/torseed.eu\/en\/wp-json\/wp\/v2\/product"}],"about":[{"href":"https:\/\/torseed.eu\/en\/wp-json\/wp\/v2\/types\/product"}],"replies":[{"embeddable":true,"href":"https:\/\/torseed.eu\/en\/wp-json\/wp\/v2\/comments?post=30085"}],"version-history":[{"count":0,"href":"https:\/\/torseed.eu\/en\/wp-json\/wp\/v2\/product\/30085\/revisions"}],"wp:featuredmedia":[{"embeddable":true,"href":"https:\/\/torseed.eu\/en\/wp-json\/wp\/v2\/media\/18120"}],"wp:attachment":[{"href":"https:\/\/torseed.eu\/en\/wp-json\/wp\/v2\/media?parent=30085"}],"wp:term":[{"taxonomy":"product_cat","embeddable":true,"href":"https:\/\/torseed.eu\/en\/wp-json\/wp\/v2\/product_cat?post=30085"},{"taxonomy":"product_tag","embeddable":true,"href":"https:\/\/torseed.eu\/en\/wp-json\/wp\/v2\/product_tag?post=30085"}],"curies":[{"name":"wp","href":"https:\/\/api.w.org\/{rel}","templated":true}]}}