{"id":30087,"date":"2022-06-15T06:25:15","date_gmt":"2022-06-15T06:25:15","guid":{"rendered":"https:\/\/refactor-second-attempt.torseed.dev.greenparrot.pl\/produkt\/nasiona-na-kielki-rzodkiewka-o-czerwonych-kielkach\/"},"modified":"2023-03-29T18:13:58","modified_gmt":"2023-03-29T18:13:58","slug":"nasiona-na-kielki-rzodkiewka-o-czerwonych-kielkach","status":"publish","type":"product","link":"https:\/\/torseed.eu\/en\/produkt\/nasiona-na-kielki-rzodkiewka-o-czerwonych-kielkach\/","title":{"rendered":"Nasiona na kie\u0142ki Rzodkiewka o czerwonych kie\u0142kach"},"content":{"rendered":"<p>Kie\u0142ki dzi\u0119ki du\u017cej ilo\u015bci witaminy C podnosz\u0105 odporno\u015b\u0107 organizmu. Regularne ich spo\u017cywanie przeciwdzia\u0142a nowotworom, wirusom oraz u\u0142atwia trawienie. Zawieraj\u0105 du\u017co siarki, dlatego korzystnie wp\u0142ywaj\u0105 na stan sk\u00f3ry, w\u0142os\u00f3w i paznokci. Poprawiaj\u0105 pami\u0119\u0107 i posiadaj\u0105 w\u0142a\u015bciwo\u015bci pobudzaj\u0105ce. Kie\u0142ki te maj\u0105 ostry, pieprzny smak.<\/p>","protected":false},"excerpt":{"rendered":"<p>Kie\u0142ki dzi\u0119ki du\u017cej ilo\u015bci witaminy C podnosz\u0105 odporno\u015b\u0107 organizmu. Regularne ich spo\u017cywanie przeciwdzia\u0142a nowotworom, wirusom oraz u\u0142atwia trawienie. Zawieraj\u0105 du\u017co siarki, dlatego korzystnie wp\u0142ywaj\u0105 na stan sk\u00f3ry, w\u0142os\u00f3w i paznokci. Poprawiaj\u0105 pami\u0119\u0107 i posiadaj\u0105 w\u0142a\u015bciwo\u015bci pobudzaj\u0105ce. Kie\u0142ki te maj\u0105 ostry, pieprzny smak.<\/p>\n","protected":false},"featured_media":18117,"comment_status":"open","ping_status":"closed","template":"","meta":{"inline_featured_image":false},"product_cat":[99,103,129],"product_tag":[],"acf":[],"featured_image":"https:\/\/torseed.eu\/app\/uploads\/2023\/03\/9485.jpg","_links":{"self":[{"href":"https:\/\/torseed.eu\/en\/wp-json\/wp\/v2\/product\/30087"}],"collection":[{"href":"https:\/\/torseed.eu\/en\/wp-json\/wp\/v2\/product"}],"about":[{"href":"https:\/\/torseed.eu\/en\/wp-json\/wp\/v2\/types\/product"}],"replies":[{"embeddable":true,"href":"https:\/\/torseed.eu\/en\/wp-json\/wp\/v2\/comments?post=30087"}],"version-history":[{"count":0,"href":"https:\/\/torseed.eu\/en\/wp-json\/wp\/v2\/product\/30087\/revisions"}],"wp:featuredmedia":[{"embeddable":true,"href":"https:\/\/torseed.eu\/en\/wp-json\/wp\/v2\/media\/18117"}],"wp:attachment":[{"href":"https:\/\/torseed.eu\/en\/wp-json\/wp\/v2\/media?parent=30087"}],"wp:term":[{"taxonomy":"product_cat","embeddable":true,"href":"https:\/\/torseed.eu\/en\/wp-json\/wp\/v2\/product_cat?post=30087"},{"taxonomy":"product_tag","embeddable":true,"href":"https:\/\/torseed.eu\/en\/wp-json\/wp\/v2\/product_tag?post=30087"}],"curies":[{"name":"wp","href":"https:\/\/api.w.org\/{rel}","templated":true}]}}