{"id":30088,"date":"2022-06-15T06:25:09","date_gmt":"2022-06-15T06:25:09","guid":{"rendered":"https:\/\/refactor-second-attempt.torseed.dev.greenparrot.pl\/produkt\/nasiona-na-kielki-rzodkiew-czarna\/"},"modified":"2023-03-29T18:13:59","modified_gmt":"2023-03-29T18:13:59","slug":"nasiona-na-kielki-rzodkiew-czarna","status":"publish","type":"product","link":"https:\/\/torseed.eu\/en\/produkt\/nasiona-na-kielki-rzodkiew-czarna\/","title":{"rendered":"Nasiona na kie\u0142ki Rzodkiew czarna"},"content":{"rendered":"<p>Kie\u0142ki s\u0105 \u017ar\u00f3d\u0142em cennych sk\u0142adnik\u00f3w od\u017cywczych, witamin, mikroelement\u00f3w i enzym\u00f3w. Regularne spo\u017cywanie przeciwdzia\u0142a nowotworom, wirusom, u\u0142atwia trawienie, uaktywnia system odporno\u015bciowy organizmu. Poprzaia pami\u0119\u0107 i posiada w\u0142a\u015bciwo\u015bci pobudzaj\u0105ce. Kie\u0142ki rzodkwi czarnej zawieraj\u0105 du\u017co siarki, dlatego korzystnie p\u0142ywaj\u0105 na stan sk\u00f3ry, w\u0142os\u00f3w i paznokci. Kie\u0142ki rzodkwi maj\u0105 ostry, pieprzny smak. Moga zast\u0119powa\u0107 szczypiorek, dobrze komponuj\u0105 si\u0119 z sosami \u015bmietanowymi i majonezowymi oraz potrawami jajecznymi.<\/p>","protected":false},"excerpt":{"rendered":"<p>Kie\u0142ki s\u0105 \u017ar\u00f3d\u0142em cennych sk\u0142adnik\u00f3w od\u017cywczych, witamin, mikroelement\u00f3w i enzym\u00f3w. Regularne spo\u017cywanie przeciwdzia\u0142a nowotworom, wirusom, u\u0142atwia trawienie, uaktywnia system odporno\u015bciowy organizmu. Poprzaia pami\u0119\u0107 i posiada w\u0142a\u015bciwo\u015bci pobudzaj\u0105ce. Kie\u0142ki rzodkwi czarnej zawieraj\u0105 du\u017co siarki, dlatego korzystnie p\u0142ywaj\u0105 na stan sk\u00f3ry, w\u0142os\u00f3w i paznokci. Kie\u0142ki rzodkwi maj\u0105 ostry, pieprzny smak. Moga zast\u0119powa\u0107 szczypiorek, dobrze komponuj\u0105 si\u0119 z [&hellip;]<\/p>\n","protected":false},"featured_media":18111,"comment_status":"open","ping_status":"closed","template":"","meta":{"inline_featured_image":false},"product_cat":[99,103],"product_tag":[],"acf":[],"featured_image":"https:\/\/torseed.eu\/app\/uploads\/2023\/03\/640.jpg","_links":{"self":[{"href":"https:\/\/torseed.eu\/en\/wp-json\/wp\/v2\/product\/30088"}],"collection":[{"href":"https:\/\/torseed.eu\/en\/wp-json\/wp\/v2\/product"}],"about":[{"href":"https:\/\/torseed.eu\/en\/wp-json\/wp\/v2\/types\/product"}],"replies":[{"embeddable":true,"href":"https:\/\/torseed.eu\/en\/wp-json\/wp\/v2\/comments?post=30088"}],"version-history":[{"count":0,"href":"https:\/\/torseed.eu\/en\/wp-json\/wp\/v2\/product\/30088\/revisions"}],"wp:featuredmedia":[{"embeddable":true,"href":"https:\/\/torseed.eu\/en\/wp-json\/wp\/v2\/media\/18111"}],"wp:attachment":[{"href":"https:\/\/torseed.eu\/en\/wp-json\/wp\/v2\/media?parent=30088"}],"wp:term":[{"taxonomy":"product_cat","embeddable":true,"href":"https:\/\/torseed.eu\/en\/wp-json\/wp\/v2\/product_cat?post=30088"},{"taxonomy":"product_tag","embeddable":true,"href":"https:\/\/torseed.eu\/en\/wp-json\/wp\/v2\/product_tag?post=30088"}],"curies":[{"name":"wp","href":"https:\/\/api.w.org\/{rel}","templated":true}]}}