{"id":30090,"date":"2022-06-15T06:25:07","date_gmt":"2022-06-15T06:25:07","guid":{"rendered":"https:\/\/refactor-second-attempt.torseed.dev.greenparrot.pl\/produkt\/nasiona-na-kielki-rukola\/"},"modified":"2023-03-29T18:14:00","modified_gmt":"2023-03-29T18:14:00","slug":"nasiona-na-kielki-rukola","status":"publish","type":"product","link":"https:\/\/torseed.eu\/en\/produkt\/nasiona-na-kielki-rukola\/","title":{"rendered":"Nasiona na kie\u0142ki Rukola"},"content":{"rendered":"<p>Kie\u0142ki rukoli s\u0105 niezwykle bogate w potas, wap\u0144, magnez, fosfor i siark\u0119 a tak\u017ce w witaminy C, A, B1, B2 i B3. Dzi\u0119ki zawarto\u015bci olejk\u00f3w eterycznych, a tak\u017ce egzogennych kwas\u00f3w t\u0142uszczowych, stymuluj\u0105 apetyt, wspomagaj\u0105 trawienie i oczyszczaj\u0105 organizm z toksyn. Posiadaj\u0105 bardzo korzystny wp\u0142yw na uk\u0142ad kr\u0105\u017cenia, powoduj\u0105 r\u00f3wnie\u017c zwi\u0119kszenie si\u0142 witalnych organizmu.<\/p>","protected":false},"excerpt":{"rendered":"<p>Kie\u0142ki rukoli s\u0105 niezwykle bogate w potas, wap\u0144, magnez, fosfor i siark\u0119 a tak\u017ce w witaminy C, A, B1, B2 i B3. Dzi\u0119ki zawarto\u015bci olejk\u00f3w eterycznych, a tak\u017ce egzogennych kwas\u00f3w t\u0142uszczowych, stymuluj\u0105 apetyt, wspomagaj\u0105 trawienie i oczyszczaj\u0105 organizm z toksyn. Posiadaj\u0105 bardzo korzystny wp\u0142yw na uk\u0142ad kr\u0105\u017cenia, powoduj\u0105 r\u00f3wnie\u017c zwi\u0119kszenie si\u0142 witalnych organizmu.<\/p>\n","protected":false},"featured_media":18105,"comment_status":"open","ping_status":"closed","template":"","meta":{"inline_featured_image":false},"product_cat":[99,103],"product_tag":[],"acf":[],"featured_image":"https:\/\/torseed.eu\/app\/uploads\/2023\/03\/9482.jpg","_links":{"self":[{"href":"https:\/\/torseed.eu\/en\/wp-json\/wp\/v2\/product\/30090"}],"collection":[{"href":"https:\/\/torseed.eu\/en\/wp-json\/wp\/v2\/product"}],"about":[{"href":"https:\/\/torseed.eu\/en\/wp-json\/wp\/v2\/types\/product"}],"replies":[{"embeddable":true,"href":"https:\/\/torseed.eu\/en\/wp-json\/wp\/v2\/comments?post=30090"}],"version-history":[{"count":0,"href":"https:\/\/torseed.eu\/en\/wp-json\/wp\/v2\/product\/30090\/revisions"}],"wp:featuredmedia":[{"embeddable":true,"href":"https:\/\/torseed.eu\/en\/wp-json\/wp\/v2\/media\/18105"}],"wp:attachment":[{"href":"https:\/\/torseed.eu\/en\/wp-json\/wp\/v2\/media?parent=30090"}],"wp:term":[{"taxonomy":"product_cat","embeddable":true,"href":"https:\/\/torseed.eu\/en\/wp-json\/wp\/v2\/product_cat?post=30090"},{"taxonomy":"product_tag","embeddable":true,"href":"https:\/\/torseed.eu\/en\/wp-json\/wp\/v2\/product_tag?post=30090"}],"curies":[{"name":"wp","href":"https:\/\/api.w.org\/{rel}","templated":true}]}}