{"id":30101,"date":"2022-06-15T06:24:52","date_gmt":"2022-06-15T06:24:52","guid":{"rendered":"https:\/\/refactor-second-attempt.torseed.dev.greenparrot.pl\/produkt\/nasiona-na-kielki-fasola-zlota-mung\/"},"modified":"2023-07-07T07:19:35","modified_gmt":"2023-07-07T06:19:35","slug":"nasiona-na-kielki-fasola-zlota-mung","status":"publish","type":"product","link":"https:\/\/torseed.eu\/en\/produkt\/nasiona-na-kielki-fasola-zlota-mung\/","title":{"rendered":"Nasiona na kie\u0142ki Fasola z\u0142ota Mung"},"content":{"rendered":"\r\n<p>Kie\u0142ki Mung s\u0105 wyj\u0105tkowo bogatym \u017ar\u00f3d\u0142em b\u0142onnika, \u0142atwo przyswajalnego bia\u0142ka, witamin z grupy A, B, C i E, soli mineralnych oraz antyutleniaczy zapobiegaj\u0105cych chorobom serca i nowotworom. Obni\u017caj\u0105 poziom z\u0142ego cholesterolu serca i nowotworom. Obni\u017caj\u0105 poziom z\u0142ego cholesterolu (LDL). Stosowane g\u0142\u00f3wnie w daniach chi\u0144skich i wietnamskich. Spo\u017cywane mog\u0105 by\u0107 na surowo lub na gor\u0105co. Czas namaczania nasion 10-12 godzin. Okres kie\u0142kowania 4-6 dni.<\/p>\r\n","protected":false},"excerpt":{"rendered":"<p>Kie\u0142ki Mung s\u0105 wyj\u0105tkowo bogatym \u017ar\u00f3d\u0142em b\u0142onnika, \u0142atwo przyswajalnego bia\u0142ka, witamin z grupy A, B, C i E, soli mineralnych oraz antyutleniaczy zapobiegaj\u0105cych chorobom serca i nowotworom. Obni\u017caj\u0105 poziom z\u0142ego cholesterolu serca i nowotworom. Obni\u017caj\u0105 poziom z\u0142ego cholesterolu (LDL). Stosowane g\u0142\u00f3wnie w daniach chi\u0144skich i wietnamskich. Spo\u017cywane mog\u0105 by\u0107 na surowo lub na gor\u0105co. Czas [&hellip;]<\/p>\n","protected":false},"featured_media":27486,"comment_status":"open","ping_status":"closed","template":"","meta":{"inline_featured_image":false},"product_cat":[103,99],"product_tag":[],"acf":[],"featured_image":"https:\/\/torseed.eu\/app\/uploads\/2023\/03\/8167.jpg","_links":{"self":[{"href":"https:\/\/torseed.eu\/en\/wp-json\/wp\/v2\/product\/30101"}],"collection":[{"href":"https:\/\/torseed.eu\/en\/wp-json\/wp\/v2\/product"}],"about":[{"href":"https:\/\/torseed.eu\/en\/wp-json\/wp\/v2\/types\/product"}],"replies":[{"embeddable":true,"href":"https:\/\/torseed.eu\/en\/wp-json\/wp\/v2\/comments?post=30101"}],"version-history":[{"count":2,"href":"https:\/\/torseed.eu\/en\/wp-json\/wp\/v2\/product\/30101\/revisions"}],"predecessor-version":[{"id":38912,"href":"https:\/\/torseed.eu\/en\/wp-json\/wp\/v2\/product\/30101\/revisions\/38912"}],"wp:featuredmedia":[{"embeddable":true,"href":"https:\/\/torseed.eu\/en\/wp-json\/wp\/v2\/media\/27486"}],"wp:attachment":[{"href":"https:\/\/torseed.eu\/en\/wp-json\/wp\/v2\/media?parent=30101"}],"wp:term":[{"taxonomy":"product_cat","embeddable":true,"href":"https:\/\/torseed.eu\/en\/wp-json\/wp\/v2\/product_cat?post=30101"},{"taxonomy":"product_tag","embeddable":true,"href":"https:\/\/torseed.eu\/en\/wp-json\/wp\/v2\/product_tag?post=30101"}],"curies":[{"name":"wp","href":"https:\/\/api.w.org\/{rel}","templated":true}]}}