{"id":30103,"date":"2022-06-15T06:24:51","date_gmt":"2022-06-15T06:24:51","guid":{"rendered":"https:\/\/refactor-second-attempt.torseed.dev.greenparrot.pl\/produkt\/nasiona-na-kielki-fasola-adzuki\/"},"modified":"2023-03-29T18:14:11","modified_gmt":"2023-03-29T18:14:11","slug":"nasiona-na-kielki-fasola-adzuki","status":"publish","type":"product","link":"https:\/\/torseed.eu\/en\/produkt\/nasiona-na-kielki-fasola-adzuki\/","title":{"rendered":"Nasiona na kie\u0142ki Fasola Adzuki"},"content":{"rendered":"<p>Odmiana wczesna o krzaczastym typie wzrostu. Owoce maczugowate d\u0142ugo\u015bci 18-20 cm. Sk\u00f3rka marmurkowata, ciemnozielona z jasnymi smugami. Mi\u0105\u017csz kruch, smaczny, kremowo-zielony.<\/p>","protected":false},"excerpt":{"rendered":"<p>Odmiana wczesna o krzaczastym typie wzrostu. Owoce maczugowate d\u0142ugo\u015bci 18-20 cm. Sk\u00f3rka marmurkowata, ciemnozielona z jasnymi smugami. Mi\u0105\u017csz kruch, smaczny, kremowo-zielony.<\/p>\n","protected":false},"featured_media":27481,"comment_status":"open","ping_status":"closed","template":"","meta":{"inline_featured_image":false},"product_cat":[99,103],"product_tag":[],"acf":[],"featured_image":"https:\/\/torseed.eu\/app\/uploads\/2023\/03\/8899.jpg","_links":{"self":[{"href":"https:\/\/torseed.eu\/en\/wp-json\/wp\/v2\/product\/30103"}],"collection":[{"href":"https:\/\/torseed.eu\/en\/wp-json\/wp\/v2\/product"}],"about":[{"href":"https:\/\/torseed.eu\/en\/wp-json\/wp\/v2\/types\/product"}],"replies":[{"embeddable":true,"href":"https:\/\/torseed.eu\/en\/wp-json\/wp\/v2\/comments?post=30103"}],"version-history":[{"count":0,"href":"https:\/\/torseed.eu\/en\/wp-json\/wp\/v2\/product\/30103\/revisions"}],"wp:featuredmedia":[{"embeddable":true,"href":"https:\/\/torseed.eu\/en\/wp-json\/wp\/v2\/media\/27481"}],"wp:attachment":[{"href":"https:\/\/torseed.eu\/en\/wp-json\/wp\/v2\/media?parent=30103"}],"wp:term":[{"taxonomy":"product_cat","embeddable":true,"href":"https:\/\/torseed.eu\/en\/wp-json\/wp\/v2\/product_cat?post=30103"},{"taxonomy":"product_tag","embeddable":true,"href":"https:\/\/torseed.eu\/en\/wp-json\/wp\/v2\/product_tag?post=30103"}],"curies":[{"name":"wp","href":"https:\/\/api.w.org\/{rel}","templated":true}]}}