{"id":30107,"date":"2022-06-15T06:24:47","date_gmt":"2022-06-15T06:24:47","guid":{"rendered":"https:\/\/refactor-second-attempt.torseed.dev.greenparrot.pl\/produkt\/tymianek-wlasciwy\/"},"modified":"2023-03-29T18:14:28","modified_gmt":"2023-03-29T18:14:28","slug":"tymianek-wlasciwy","status":"publish","type":"product","link":"https:\/\/torseed.eu\/en\/produkt\/tymianek-wlasciwy\/","title":{"rendered":"Tymianek w\u0142a\u015bciwy"},"content":{"rendered":"<p>Ro\u015blina wieloletnia o wysoko\u015bci ok. 30 cm. Ziele u\u017cywane jest jako przyprawa kuchenna, w lecznictwie wykazuje dzia\u0142anie przeciwzapalne i wzmacniaj\u0105ce.<\/p>","protected":false},"excerpt":{"rendered":"<p>Ro\u015blina wieloletnia o wysoko\u015bci ok. 30 cm. Ziele u\u017cywane jest jako przyprawa kuchenna, w lecznictwie wykazuje dzia\u0142anie przeciwzapalne i wzmacniaj\u0105ce.<\/p>\n","protected":false},"featured_media":18054,"comment_status":"open","ping_status":"open","template":"","meta":{"inline_featured_image":false},"product_cat":[121],"product_tag":[],"acf":[],"featured_image":"https:\/\/torseed.eu\/app\/uploads\/2023\/03\/700.jpg","_links":{"self":[{"href":"https:\/\/torseed.eu\/en\/wp-json\/wp\/v2\/product\/30107"}],"collection":[{"href":"https:\/\/torseed.eu\/en\/wp-json\/wp\/v2\/product"}],"about":[{"href":"https:\/\/torseed.eu\/en\/wp-json\/wp\/v2\/types\/product"}],"replies":[{"embeddable":true,"href":"https:\/\/torseed.eu\/en\/wp-json\/wp\/v2\/comments?post=30107"}],"version-history":[{"count":0,"href":"https:\/\/torseed.eu\/en\/wp-json\/wp\/v2\/product\/30107\/revisions"}],"wp:featuredmedia":[{"embeddable":true,"href":"https:\/\/torseed.eu\/en\/wp-json\/wp\/v2\/media\/18054"}],"wp:attachment":[{"href":"https:\/\/torseed.eu\/en\/wp-json\/wp\/v2\/media?parent=30107"}],"wp:term":[{"taxonomy":"product_cat","embeddable":true,"href":"https:\/\/torseed.eu\/en\/wp-json\/wp\/v2\/product_cat?post=30107"},{"taxonomy":"product_tag","embeddable":true,"href":"https:\/\/torseed.eu\/en\/wp-json\/wp\/v2\/product_tag?post=30107"}],"curies":[{"name":"wp","href":"https:\/\/api.w.org\/{rel}","templated":true}]}}