{"id":30109,"date":"2022-06-15T06:24:41","date_gmt":"2022-06-15T06:24:41","guid":{"rendered":"https:\/\/refactor-second-attempt.torseed.dev.greenparrot.pl\/produkt\/trawa-cytrynowa\/"},"modified":"2023-03-29T18:14:31","modified_gmt":"2023-03-29T18:14:31","slug":"trawa-cytrynowa","status":"publish","type":"product","link":"https:\/\/torseed.eu\/en\/produkt\/trawa-cytrynowa\/","title":{"rendered":"Trawa cytrynowa"},"content":{"rendered":"<p>Trawa wieloletnia z regionu \u015br\u00f3dziemnomorskigo i podzwrotnikowego. W warunkach Polski ro\u015blina jednoroczna. Zio\u0142o przyprawowe zawieraj\u0105ce cytral &#8211; olejek lotny o smaku i zapachu cytryny i melisy, posiadaj\u0105cych w\u0142a\u015bciwo\u015bci przeciwnowotworowe. U\u017cywa si\u0119 ca\u0142ych \u015bwie\u017cych ro\u015blin (do sa\u0142atek, deser\u00f3w i zup) lub suszonych (do sos\u00f3w, herbaty i napoj\u00f3w). Trawa cytrynowa posiada te\u017c walor ro\u015bliny ozdobnej.<\/p>","protected":false},"excerpt":{"rendered":"<p>Trawa wieloletnia z regionu \u015br\u00f3dziemnomorskigo i podzwrotnikowego. W warunkach Polski ro\u015blina jednoroczna. Zio\u0142o przyprawowe zawieraj\u0105ce cytral &#8211; olejek lotny o smaku i zapachu cytryny i melisy, posiadaj\u0105cych w\u0142a\u015bciwo\u015bci przeciwnowotworowe. U\u017cywa si\u0119 ca\u0142ych \u015bwie\u017cych ro\u015blin (do sa\u0142atek, deser\u00f3w i zup) lub suszonych (do sos\u00f3w, herbaty i napoj\u00f3w). Trawa cytrynowa posiada te\u017c walor ro\u015bliny ozdobnej.<\/p>\n","protected":false},"featured_media":18051,"comment_status":"open","ping_status":"open","template":"","meta":{"inline_featured_image":false},"product_cat":[121],"product_tag":[],"acf":[],"featured_image":"https:\/\/torseed.eu\/app\/uploads\/2023\/03\/7320.jpg","_links":{"self":[{"href":"https:\/\/torseed.eu\/en\/wp-json\/wp\/v2\/product\/30109"}],"collection":[{"href":"https:\/\/torseed.eu\/en\/wp-json\/wp\/v2\/product"}],"about":[{"href":"https:\/\/torseed.eu\/en\/wp-json\/wp\/v2\/types\/product"}],"replies":[{"embeddable":true,"href":"https:\/\/torseed.eu\/en\/wp-json\/wp\/v2\/comments?post=30109"}],"version-history":[{"count":0,"href":"https:\/\/torseed.eu\/en\/wp-json\/wp\/v2\/product\/30109\/revisions"}],"wp:featuredmedia":[{"embeddable":true,"href":"https:\/\/torseed.eu\/en\/wp-json\/wp\/v2\/media\/18051"}],"wp:attachment":[{"href":"https:\/\/torseed.eu\/en\/wp-json\/wp\/v2\/media?parent=30109"}],"wp:term":[{"taxonomy":"product_cat","embeddable":true,"href":"https:\/\/torseed.eu\/en\/wp-json\/wp\/v2\/product_cat?post=30109"},{"taxonomy":"product_tag","embeddable":true,"href":"https:\/\/torseed.eu\/en\/wp-json\/wp\/v2\/product_tag?post=30109"}],"curies":[{"name":"wp","href":"https:\/\/api.w.org\/{rel}","templated":true}]}}