{"id":30111,"date":"2022-06-15T06:24:39","date_gmt":"2022-06-15T06:24:39","guid":{"rendered":"https:\/\/refactor-second-attempt.torseed.dev.greenparrot.pl\/produkt\/ruta-zwyczajna\/"},"modified":"2023-03-29T18:14:32","modified_gmt":"2023-03-29T18:14:32","slug":"ruta-zwyczajna","status":"publish","type":"product","link":"https:\/\/torseed.eu\/en\/produkt\/ruta-zwyczajna\/","title":{"rendered":"Ruta zwyczajna"},"content":{"rendered":"<p>Bardzo dekoracyjna, wieloletnia ro\u015blina, kt\u00f3rej cz\u0119\u015b\u0107 u\u017cytkow\u0105 stanowi\u0105 nasiona i li\u015bcie stosowane w kuchni dla nadania gorzkiego smaku sosom i innym dressingom. W lecznictwie stosowana przy zranieniach i chorobach zwi\u0105zanych z krwioobiegiem. Stosowa\u0107 bardzo ostro\u017cnie, po uzgodnieniu z lekarzem.<\/p>","protected":false},"excerpt":{"rendered":"<p>Bardzo dekoracyjna, wieloletnia ro\u015blina, kt\u00f3rej cz\u0119\u015b\u0107 u\u017cytkow\u0105 stanowi\u0105 nasiona i li\u015bcie stosowane w kuchni dla nadania gorzkiego smaku sosom i innym dressingom. W lecznictwie stosowana przy zranieniach i chorobach zwi\u0105zanych z krwioobiegiem. Stosowa\u0107 bardzo ostro\u017cnie, po uzgodnieniu z lekarzem.<\/p>\n","protected":false},"featured_media":18042,"comment_status":"open","ping_status":"open","template":"","meta":{"inline_featured_image":false},"product_cat":[121],"product_tag":[],"acf":[],"featured_image":"https:\/\/torseed.eu\/app\/uploads\/2023\/03\/696.jpg","_links":{"self":[{"href":"https:\/\/torseed.eu\/en\/wp-json\/wp\/v2\/product\/30111"}],"collection":[{"href":"https:\/\/torseed.eu\/en\/wp-json\/wp\/v2\/product"}],"about":[{"href":"https:\/\/torseed.eu\/en\/wp-json\/wp\/v2\/types\/product"}],"replies":[{"embeddable":true,"href":"https:\/\/torseed.eu\/en\/wp-json\/wp\/v2\/comments?post=30111"}],"version-history":[{"count":0,"href":"https:\/\/torseed.eu\/en\/wp-json\/wp\/v2\/product\/30111\/revisions"}],"wp:featuredmedia":[{"embeddable":true,"href":"https:\/\/torseed.eu\/en\/wp-json\/wp\/v2\/media\/18042"}],"wp:attachment":[{"href":"https:\/\/torseed.eu\/en\/wp-json\/wp\/v2\/media?parent=30111"}],"wp:term":[{"taxonomy":"product_cat","embeddable":true,"href":"https:\/\/torseed.eu\/en\/wp-json\/wp\/v2\/product_cat?post=30111"},{"taxonomy":"product_tag","embeddable":true,"href":"https:\/\/torseed.eu\/en\/wp-json\/wp\/v2\/product_tag?post=30111"}],"curies":[{"name":"wp","href":"https:\/\/api.w.org\/{rel}","templated":true}]}}