{"id":30114,"date":"2022-06-15T06:24:37","date_gmt":"2022-06-15T06:24:37","guid":{"rendered":"https:\/\/refactor-second-attempt.torseed.dev.greenparrot.pl\/produkt\/ogorecznik-lekarski\/"},"modified":"2023-03-29T18:14:35","modified_gmt":"2023-03-29T18:14:35","slug":"ogorecznik-lekarski","status":"publish","type":"product","link":"https:\/\/torseed.eu\/en\/produkt\/ogorecznik-lekarski\/","title":{"rendered":"Og\u00f3recznik lekarski"},"content":{"rendered":"<p>Ro\u015blina jednoroczna, przyprawowa, lecznicza i ozdobna o wysoko\u015bci ok. 60 cm. \u015awie\u017ce li\u015bcie oraz kwiaty dodaje si\u0119 do sa\u0142atek warzywnych, mi\u0119s, ryb, kwiaty r\u00f3wnie\u017c do aromatyzowania napoj\u00f3w. Ziele wykazuje  dzia\u0142anie przeciwzapalne i uspokajaj\u0105ce.<\/p>","protected":false},"excerpt":{"rendered":"<p>Ro\u015blina jednoroczna, przyprawowa, lecznicza i ozdobna o wysoko\u015bci ok. 60 cm. \u015awie\u017ce li\u015bcie oraz kwiaty dodaje si\u0119 do sa\u0142atek warzywnych, mi\u0119s, ryb, kwiaty r\u00f3wnie\u017c do aromatyzowania napoj\u00f3w. Ziele wykazuje dzia\u0142anie przeciwzapalne i uspokajaj\u0105ce.<\/p>\n","protected":false},"featured_media":18033,"comment_status":"open","ping_status":"open","template":"","meta":{"inline_featured_image":false},"product_cat":[121],"product_tag":[],"acf":[],"featured_image":"https:\/\/torseed.eu\/app\/uploads\/2023\/03\/692.jpg","_links":{"self":[{"href":"https:\/\/torseed.eu\/en\/wp-json\/wp\/v2\/product\/30114"}],"collection":[{"href":"https:\/\/torseed.eu\/en\/wp-json\/wp\/v2\/product"}],"about":[{"href":"https:\/\/torseed.eu\/en\/wp-json\/wp\/v2\/types\/product"}],"replies":[{"embeddable":true,"href":"https:\/\/torseed.eu\/en\/wp-json\/wp\/v2\/comments?post=30114"}],"version-history":[{"count":0,"href":"https:\/\/torseed.eu\/en\/wp-json\/wp\/v2\/product\/30114\/revisions"}],"wp:featuredmedia":[{"embeddable":true,"href":"https:\/\/torseed.eu\/en\/wp-json\/wp\/v2\/media\/18033"}],"wp:attachment":[{"href":"https:\/\/torseed.eu\/en\/wp-json\/wp\/v2\/media?parent=30114"}],"wp:term":[{"taxonomy":"product_cat","embeddable":true,"href":"https:\/\/torseed.eu\/en\/wp-json\/wp\/v2\/product_cat?post=30114"},{"taxonomy":"product_tag","embeddable":true,"href":"https:\/\/torseed.eu\/en\/wp-json\/wp\/v2\/product_tag?post=30114"}],"curies":[{"name":"wp","href":"https:\/\/api.w.org\/{rel}","templated":true}]}}