{"id":30117,"date":"2022-06-15T06:24:35","date_gmt":"2022-06-15T06:24:35","guid":{"rendered":"https:\/\/refactor-second-attempt.torseed.dev.greenparrot.pl\/produkt\/oregano-lebiodka-pospolita\/"},"modified":"2023-03-29T18:14:37","modified_gmt":"2023-03-29T18:14:37","slug":"oregano-lebiodka-pospolita","status":"publish","type":"product","link":"https:\/\/torseed.eu\/en\/produkt\/oregano-lebiodka-pospolita\/","title":{"rendered":"Oregano\/Lebiodka pospolita"},"content":{"rendered":"<p>Ro\u015blina wieloletnia wysoko\u015bci do 80 cm. Ziele oregano stosowane jest jako przyprawa do potraw, za\u015b w lecznictwie jako \u015brodek pobudzaj\u0105cy apetyt i poprawiaj\u0105cy trawienie.<\/p>","protected":false},"excerpt":{"rendered":"<p>Ro\u015blina wieloletnia wysoko\u015bci do 80 cm. Ziele oregano stosowane jest jako przyprawa do potraw, za\u015b w lecznictwie jako \u015brodek pobudzaj\u0105cy apetyt i poprawiaj\u0105cy trawienie.<\/p>\n","protected":false},"featured_media":18027,"comment_status":"open","ping_status":"open","template":"","meta":{"inline_featured_image":false},"product_cat":[121],"product_tag":[],"acf":[],"featured_image":"https:\/\/torseed.eu\/app\/uploads\/2023\/03\/680.jpg","_links":{"self":[{"href":"https:\/\/torseed.eu\/en\/wp-json\/wp\/v2\/product\/30117"}],"collection":[{"href":"https:\/\/torseed.eu\/en\/wp-json\/wp\/v2\/product"}],"about":[{"href":"https:\/\/torseed.eu\/en\/wp-json\/wp\/v2\/types\/product"}],"replies":[{"embeddable":true,"href":"https:\/\/torseed.eu\/en\/wp-json\/wp\/v2\/comments?post=30117"}],"version-history":[{"count":0,"href":"https:\/\/torseed.eu\/en\/wp-json\/wp\/v2\/product\/30117\/revisions"}],"wp:featuredmedia":[{"embeddable":true,"href":"https:\/\/torseed.eu\/en\/wp-json\/wp\/v2\/media\/18027"}],"wp:attachment":[{"href":"https:\/\/torseed.eu\/en\/wp-json\/wp\/v2\/media?parent=30117"}],"wp:term":[{"taxonomy":"product_cat","embeddable":true,"href":"https:\/\/torseed.eu\/en\/wp-json\/wp\/v2\/product_cat?post=30117"},{"taxonomy":"product_tag","embeddable":true,"href":"https:\/\/torseed.eu\/en\/wp-json\/wp\/v2\/product_tag?post=30117"}],"curies":[{"name":"wp","href":"https:\/\/api.w.org\/{rel}","templated":true}]}}