{"id":30118,"date":"2022-06-15T06:24:29","date_gmt":"2022-06-15T06:24:29","guid":{"rendered":"https:\/\/refactor-second-attempt.torseed.dev.greenparrot.pl\/produkt\/mieta\/"},"modified":"2023-03-29T18:14:39","modified_gmt":"2023-03-29T18:14:39","slug":"mieta","status":"publish","type":"product","link":"https:\/\/torseed.eu\/en\/produkt\/mieta\/","title":{"rendered":"Mi\u0119ta"},"content":{"rendered":"<p>Ro\u015blina wieloletnia, uprawiana z sadzonek lub z nasion. Posiada w\u0142a\u015bciwo\u015bci uspokajaj\u0105ce oraz wspomagaj\u0105ce procesy trawienne.<\/p>","protected":false},"excerpt":{"rendered":"<p>Ro\u015blina wieloletnia, uprawiana z sadzonek lub z nasion. Posiada w\u0142a\u015bciwo\u015bci uspokajaj\u0105ce oraz wspomagaj\u0105ce procesy trawienne.<\/p>\n","protected":false},"featured_media":18021,"comment_status":"open","ping_status":"open","template":"","meta":{"inline_featured_image":false},"product_cat":[121],"product_tag":[],"acf":[],"featured_image":"https:\/\/torseed.eu\/app\/uploads\/2023\/03\/688.jpg","_links":{"self":[{"href":"https:\/\/torseed.eu\/en\/wp-json\/wp\/v2\/product\/30118"}],"collection":[{"href":"https:\/\/torseed.eu\/en\/wp-json\/wp\/v2\/product"}],"about":[{"href":"https:\/\/torseed.eu\/en\/wp-json\/wp\/v2\/types\/product"}],"replies":[{"embeddable":true,"href":"https:\/\/torseed.eu\/en\/wp-json\/wp\/v2\/comments?post=30118"}],"version-history":[{"count":0,"href":"https:\/\/torseed.eu\/en\/wp-json\/wp\/v2\/product\/30118\/revisions"}],"wp:featuredmedia":[{"embeddable":true,"href":"https:\/\/torseed.eu\/en\/wp-json\/wp\/v2\/media\/18021"}],"wp:attachment":[{"href":"https:\/\/torseed.eu\/en\/wp-json\/wp\/v2\/media?parent=30118"}],"wp:term":[{"taxonomy":"product_cat","embeddable":true,"href":"https:\/\/torseed.eu\/en\/wp-json\/wp\/v2\/product_cat?post=30118"},{"taxonomy":"product_tag","embeddable":true,"href":"https:\/\/torseed.eu\/en\/wp-json\/wp\/v2\/product_tag?post=30118"}],"curies":[{"name":"wp","href":"https:\/\/api.w.org\/{rel}","templated":true}]}}