{"id":30120,"date":"2022-06-15T06:24:27","date_gmt":"2022-06-15T06:24:27","guid":{"rendered":"https:\/\/refactor-second-attempt.torseed.dev.greenparrot.pl\/produkt\/malwa-czarna\/"},"modified":"2023-03-29T18:14:41","modified_gmt":"2023-03-29T18:14:41","slug":"malwa-czarna","status":"publish","type":"product","link":"https:\/\/torseed.eu\/en\/produkt\/malwa-czarna\/","title":{"rendered":"Malwa czarna"},"content":{"rendered":"<p>Ro\u015blina kilkuletnia tworz\u0105ca w pierwszym roku uprawy rozet\u0119 li\u015bciow\u0105, kwitnie w latach nast\u0119pnych. Warto\u015b\u0107 zielarsk\u0105 stanowi\u0105 kwiaty, z kt\u00f3rych napar wykazuje dzia\u0142anie antyseptyczne, odka\u017caj\u0105ce. Stosowany przy nie\u017cytach g\u00f3rnych dr\u00f3g oddechowych. <\/p>","protected":false},"excerpt":{"rendered":"<p>Ro\u015blina kilkuletnia tworz\u0105ca w pierwszym roku uprawy rozet\u0119 li\u015bciow\u0105, kwitnie w latach nast\u0119pnych. Warto\u015b\u0107 zielarsk\u0105 stanowi\u0105 kwiaty, z kt\u00f3rych napar wykazuje dzia\u0142anie antyseptyczne, odka\u017caj\u0105ce. Stosowany przy nie\u017cytach g\u00f3rnych dr\u00f3g oddechowych.<\/p>\n","protected":false},"featured_media":18015,"comment_status":"open","ping_status":"open","template":"","meta":{"inline_featured_image":false},"product_cat":[121],"product_tag":[],"acf":[],"featured_image":"https:\/\/torseed.eu\/app\/uploads\/2023\/03\/684.jpg","_links":{"self":[{"href":"https:\/\/torseed.eu\/en\/wp-json\/wp\/v2\/product\/30120"}],"collection":[{"href":"https:\/\/torseed.eu\/en\/wp-json\/wp\/v2\/product"}],"about":[{"href":"https:\/\/torseed.eu\/en\/wp-json\/wp\/v2\/types\/product"}],"replies":[{"embeddable":true,"href":"https:\/\/torseed.eu\/en\/wp-json\/wp\/v2\/comments?post=30120"}],"version-history":[{"count":0,"href":"https:\/\/torseed.eu\/en\/wp-json\/wp\/v2\/product\/30120\/revisions"}],"wp:featuredmedia":[{"embeddable":true,"href":"https:\/\/torseed.eu\/en\/wp-json\/wp\/v2\/media\/18015"}],"wp:attachment":[{"href":"https:\/\/torseed.eu\/en\/wp-json\/wp\/v2\/media?parent=30120"}],"wp:term":[{"taxonomy":"product_cat","embeddable":true,"href":"https:\/\/torseed.eu\/en\/wp-json\/wp\/v2\/product_cat?post=30120"},{"taxonomy":"product_tag","embeddable":true,"href":"https:\/\/torseed.eu\/en\/wp-json\/wp\/v2\/product_tag?post=30120"}],"curies":[{"name":"wp","href":"https:\/\/api.w.org\/{rel}","templated":true}]}}