{"id":30122,"date":"2022-06-15T06:24:26","date_gmt":"2022-06-15T06:24:26","guid":{"rendered":"https:\/\/refactor-second-attempt.torseed.dev.greenparrot.pl\/produkt\/majeranek\/"},"modified":"2023-03-29T18:14:42","modified_gmt":"2023-03-29T18:14:42","slug":"majeranek","status":"publish","type":"product","link":"https:\/\/torseed.eu\/en\/produkt\/majeranek\/","title":{"rendered":"Majeranek"},"content":{"rendered":"<p>Ziele przyprawowe bardzo aromatyczne. U\u017cywane jako przyprawa kuchenna w gospodarstwie domowym oraz w przemy\u015ble mi\u0119snym i rybnym. Wysiew w marcu do inspektu. Zahartowan\u0105 rozsad\u0119 wysadza\u0107 w po\u0142owie maja do gruntu po 2\u20133 szt. w rozstawie 25-40 x 15\u201320 cm. Mo\u017cna stosowa\u0107 wysiew wprost do gruntu w po\u0142owie kwietnia. Wymaga gleby \u017cyznej, pulchnej i wilgotnej oraz s\u0142onecznego stanowiska. Zbioru ziela dokonuje si\u0119 dwukrotnie przez \u015bcinanie na prze\u0142omie czerwca- lipca oraz wczesn\u0105 jesieni\u0105. Na obsadzenie 1 ara potrzeba 2\u20133 g nasion.<\/p>","protected":false},"excerpt":{"rendered":"<p>Ziele przyprawowe bardzo aromatyczne. U\u017cywane jako przyprawa kuchenna w gospodarstwie domowym oraz w przemy\u015ble mi\u0119snym i rybnym. Wysiew w marcu do inspektu. Zahartowan\u0105 rozsad\u0119 wysadza\u0107 w po\u0142owie maja do gruntu po 2\u20133 szt. w rozstawie 25-40 x 15\u201320 cm. Mo\u017cna stosowa\u0107 wysiew wprost do gruntu w po\u0142owie kwietnia. Wymaga gleby \u017cyznej, pulchnej i wilgotnej oraz [&hellip;]<\/p>\n","protected":false},"featured_media":18012,"comment_status":"open","ping_status":"open","template":"","meta":{"inline_featured_image":false},"product_cat":[121],"product_tag":[],"acf":[],"featured_image":"https:\/\/torseed.eu\/app\/uploads\/2023\/03\/283.jpg","_links":{"self":[{"href":"https:\/\/torseed.eu\/en\/wp-json\/wp\/v2\/product\/30122"}],"collection":[{"href":"https:\/\/torseed.eu\/en\/wp-json\/wp\/v2\/product"}],"about":[{"href":"https:\/\/torseed.eu\/en\/wp-json\/wp\/v2\/types\/product"}],"replies":[{"embeddable":true,"href":"https:\/\/torseed.eu\/en\/wp-json\/wp\/v2\/comments?post=30122"}],"version-history":[{"count":0,"href":"https:\/\/torseed.eu\/en\/wp-json\/wp\/v2\/product\/30122\/revisions"}],"wp:featuredmedia":[{"embeddable":true,"href":"https:\/\/torseed.eu\/en\/wp-json\/wp\/v2\/media\/18012"}],"wp:attachment":[{"href":"https:\/\/torseed.eu\/en\/wp-json\/wp\/v2\/media?parent=30122"}],"wp:term":[{"taxonomy":"product_cat","embeddable":true,"href":"https:\/\/torseed.eu\/en\/wp-json\/wp\/v2\/product_cat?post=30122"},{"taxonomy":"product_tag","embeddable":true,"href":"https:\/\/torseed.eu\/en\/wp-json\/wp\/v2\/product_tag?post=30122"}],"curies":[{"name":"wp","href":"https:\/\/api.w.org\/{rel}","templated":true}]}}