{"id":30125,"date":"2022-06-15T06:24:23","date_gmt":"2022-06-15T06:24:23","guid":{"rendered":"https:\/\/refactor-second-attempt.torseed.dev.greenparrot.pl\/produkt\/koper-wloski-bulwiasty-fenkul\/"},"modified":"2023-03-29T18:14:58","modified_gmt":"2023-03-29T18:14:58","slug":"koper-wloski-bulwiasty-fenkul","status":"publish","type":"product","link":"https:\/\/torseed.eu\/en\/produkt\/koper-wloski-bulwiasty-fenkul\/","title":{"rendered":"Koper w\u0142oski bulwiasty (Fenku\u0142)"},"content":{"rendered":"<p>Bardzo cenna ro\u015blina warzywna, kt\u00f3rej cz\u0119\u015b\u0107 u\u017cytkow\u0105 stanowi\u0105 zgrubia\u0142e podstawy p\u0119d\u00f3w stosowane do sa\u0142atek i na soki warzywne. W lecznictwie wykazuje dzia\u0142ania wspomagaj\u0105ce procesy trawienia.<\/p>","protected":false},"excerpt":{"rendered":"<p>Bardzo cenna ro\u015blina warzywna, kt\u00f3rej cz\u0119\u015b\u0107 u\u017cytkow\u0105 stanowi\u0105 zgrubia\u0142e podstawy p\u0119d\u00f3w stosowane do sa\u0142atek i na soki warzywne. W lecznictwie wykazuje dzia\u0142ania wspomagaj\u0105ce procesy trawienia.<\/p>\n","protected":false},"featured_media":18000,"comment_status":"open","ping_status":"open","template":"","meta":{"inline_featured_image":false},"product_cat":[121],"product_tag":[],"acf":[],"featured_image":"https:\/\/torseed.eu\/app\/uploads\/2023\/03\/672.jpg","_links":{"self":[{"href":"https:\/\/torseed.eu\/en\/wp-json\/wp\/v2\/product\/30125"}],"collection":[{"href":"https:\/\/torseed.eu\/en\/wp-json\/wp\/v2\/product"}],"about":[{"href":"https:\/\/torseed.eu\/en\/wp-json\/wp\/v2\/types\/product"}],"replies":[{"embeddable":true,"href":"https:\/\/torseed.eu\/en\/wp-json\/wp\/v2\/comments?post=30125"}],"version-history":[{"count":0,"href":"https:\/\/torseed.eu\/en\/wp-json\/wp\/v2\/product\/30125\/revisions"}],"wp:featuredmedia":[{"embeddable":true,"href":"https:\/\/torseed.eu\/en\/wp-json\/wp\/v2\/media\/18000"}],"wp:attachment":[{"href":"https:\/\/torseed.eu\/en\/wp-json\/wp\/v2\/media?parent=30125"}],"wp:term":[{"taxonomy":"product_cat","embeddable":true,"href":"https:\/\/torseed.eu\/en\/wp-json\/wp\/v2\/product_cat?post=30125"},{"taxonomy":"product_tag","embeddable":true,"href":"https:\/\/torseed.eu\/en\/wp-json\/wp\/v2\/product_tag?post=30125"}],"curies":[{"name":"wp","href":"https:\/\/api.w.org\/{rel}","templated":true}]}}