{"id":30127,"date":"2022-06-15T06:24:22","date_gmt":"2022-06-15T06:24:22","guid":{"rendered":"https:\/\/refactor-second-attempt.torseed.dev.greenparrot.pl\/produkt\/koper-wloski\/"},"modified":"2023-03-29T18:14:59","modified_gmt":"2023-03-29T18:14:59","slug":"koper-wloski","status":"publish","type":"product","link":"https:\/\/torseed.eu\/en\/produkt\/koper-wloski\/","title":{"rendered":"Koper w\u0142oski"},"content":{"rendered":"<p>Wieloletnia ro\u015blina lecznicza i przyprawowa. Cz\u0119\u015bci\u0105 u\u017cytkow\u0105 s\u0105 nasiona oraz li\u015bcie o any\u017ckowym smaku i aromacie. Napar stosowany jest w zaburzeniach trawienia i przy wzd\u0119ciach szczeg\u00f3lnie u dzieci.<\/p>","protected":false},"excerpt":{"rendered":"<p>Wieloletnia ro\u015blina lecznicza i przyprawowa. Cz\u0119\u015bci\u0105 u\u017cytkow\u0105 s\u0105 nasiona oraz li\u015bcie o any\u017ckowym smaku i aromacie. Napar stosowany jest w zaburzeniach trawienia i przy wzd\u0119ciach szczeg\u00f3lnie u dzieci.<\/p>\n","protected":false},"featured_media":17997,"comment_status":"open","ping_status":"open","template":"","meta":{"inline_featured_image":false},"product_cat":[121],"product_tag":[],"acf":[],"featured_image":"https:\/\/torseed.eu\/app\/uploads\/2023\/03\/670.jpg","_links":{"self":[{"href":"https:\/\/torseed.eu\/en\/wp-json\/wp\/v2\/product\/30127"}],"collection":[{"href":"https:\/\/torseed.eu\/en\/wp-json\/wp\/v2\/product"}],"about":[{"href":"https:\/\/torseed.eu\/en\/wp-json\/wp\/v2\/types\/product"}],"replies":[{"embeddable":true,"href":"https:\/\/torseed.eu\/en\/wp-json\/wp\/v2\/comments?post=30127"}],"version-history":[{"count":0,"href":"https:\/\/torseed.eu\/en\/wp-json\/wp\/v2\/product\/30127\/revisions"}],"wp:featuredmedia":[{"embeddable":true,"href":"https:\/\/torseed.eu\/en\/wp-json\/wp\/v2\/media\/17997"}],"wp:attachment":[{"href":"https:\/\/torseed.eu\/en\/wp-json\/wp\/v2\/media?parent=30127"}],"wp:term":[{"taxonomy":"product_cat","embeddable":true,"href":"https:\/\/torseed.eu\/en\/wp-json\/wp\/v2\/product_cat?post=30127"},{"taxonomy":"product_tag","embeddable":true,"href":"https:\/\/torseed.eu\/en\/wp-json\/wp\/v2\/product_tag?post=30127"}],"curies":[{"name":"wp","href":"https:\/\/api.w.org\/{rel}","templated":true}]}}