{"id":30128,"date":"2022-06-15T06:24:15","date_gmt":"2022-06-15T06:24:15","guid":{"rendered":"https:\/\/refactor-second-attempt.torseed.dev.greenparrot.pl\/produkt\/karczoch\/"},"modified":"2023-03-29T18:15:00","modified_gmt":"2023-03-29T18:15:00","slug":"karczoch","status":"publish","type":"product","link":"https:\/\/torseed.eu\/en\/produkt\/karczoch\/","title":{"rendered":"Karczoch"},"content":{"rendered":"<p>Ro\u015blina jednoroczna. Cz\u0119\u015bci\u0105 u\u017cytkow\u0105 s\u0105 mi\u0119siste dna kwiatowe, stosowane do sa\u0142atek, jak kalafior. W lecznictwie stosowany przy zatruciach w\u0105trobowych. <\/p>","protected":false},"excerpt":{"rendered":"<p>Ro\u015blina jednoroczna. Cz\u0119\u015bci\u0105 u\u017cytkow\u0105 s\u0105 mi\u0119siste dna kwiatowe, stosowane do sa\u0142atek, jak kalafior. W lecznictwie stosowany przy zatruciach w\u0105trobowych.<\/p>\n","protected":false},"featured_media":17988,"comment_status":"open","ping_status":"open","template":"","meta":{"inline_featured_image":false},"product_cat":[121],"product_tag":[],"acf":[],"featured_image":"https:\/\/torseed.eu\/app\/uploads\/2023\/03\/664.jpg","_links":{"self":[{"href":"https:\/\/torseed.eu\/en\/wp-json\/wp\/v2\/product\/30128"}],"collection":[{"href":"https:\/\/torseed.eu\/en\/wp-json\/wp\/v2\/product"}],"about":[{"href":"https:\/\/torseed.eu\/en\/wp-json\/wp\/v2\/types\/product"}],"replies":[{"embeddable":true,"href":"https:\/\/torseed.eu\/en\/wp-json\/wp\/v2\/comments?post=30128"}],"version-history":[{"count":0,"href":"https:\/\/torseed.eu\/en\/wp-json\/wp\/v2\/product\/30128\/revisions"}],"wp:featuredmedia":[{"embeddable":true,"href":"https:\/\/torseed.eu\/en\/wp-json\/wp\/v2\/media\/17988"}],"wp:attachment":[{"href":"https:\/\/torseed.eu\/en\/wp-json\/wp\/v2\/media?parent=30128"}],"wp:term":[{"taxonomy":"product_cat","embeddable":true,"href":"https:\/\/torseed.eu\/en\/wp-json\/wp\/v2\/product_cat?post=30128"},{"taxonomy":"product_tag","embeddable":true,"href":"https:\/\/torseed.eu\/en\/wp-json\/wp\/v2\/product_tag?post=30128"}],"curies":[{"name":"wp","href":"https:\/\/api.w.org\/{rel}","templated":true}]}}