{"id":30129,"date":"2022-06-15T06:24:15","date_gmt":"2022-06-15T06:24:15","guid":{"rendered":"https:\/\/refactor-second-attempt.torseed.dev.greenparrot.pl\/produkt\/kminek-zwyczajny\/"},"modified":"2023-03-29T18:15:01","modified_gmt":"2023-03-29T18:15:01","slug":"kminek-zwyczajny","status":"publish","type":"product","link":"https:\/\/torseed.eu\/en\/produkt\/kminek-zwyczajny\/","title":{"rendered":"Kminek zwyczajny"},"content":{"rendered":"<p>Ro\u015blina dwuletnia. Cz\u0119\u015bci\u0105 u\u017cytkow\u0105 s\u0105 nasiona zbierane w nast\u0119pnym roku. Zmielone lub ca\u0142e dodaje si\u0119 do mi\u0119s, warzyw, chleba. Leczniczo dzia\u0142aj\u0105 na przew\u00f3d pokarmowy.<\/p>","protected":false},"excerpt":{"rendered":"<p>Ro\u015blina dwuletnia. Cz\u0119\u015bci\u0105 u\u017cytkow\u0105 s\u0105 nasiona zbierane w nast\u0119pnym roku. Zmielone lub ca\u0142e dodaje si\u0119 do mi\u0119s, warzyw, chleba. Leczniczo dzia\u0142aj\u0105 na przew\u00f3d pokarmowy.<\/p>\n","protected":false},"featured_media":17991,"comment_status":"open","ping_status":"open","template":"","meta":{"inline_featured_image":false},"product_cat":[121],"product_tag":[],"acf":[],"featured_image":"https:\/\/torseed.eu\/app\/uploads\/2023\/03\/666.jpg","_links":{"self":[{"href":"https:\/\/torseed.eu\/en\/wp-json\/wp\/v2\/product\/30129"}],"collection":[{"href":"https:\/\/torseed.eu\/en\/wp-json\/wp\/v2\/product"}],"about":[{"href":"https:\/\/torseed.eu\/en\/wp-json\/wp\/v2\/types\/product"}],"replies":[{"embeddable":true,"href":"https:\/\/torseed.eu\/en\/wp-json\/wp\/v2\/comments?post=30129"}],"version-history":[{"count":0,"href":"https:\/\/torseed.eu\/en\/wp-json\/wp\/v2\/product\/30129\/revisions"}],"wp:featuredmedia":[{"embeddable":true,"href":"https:\/\/torseed.eu\/en\/wp-json\/wp\/v2\/media\/17991"}],"wp:attachment":[{"href":"https:\/\/torseed.eu\/en\/wp-json\/wp\/v2\/media?parent=30129"}],"wp:term":[{"taxonomy":"product_cat","embeddable":true,"href":"https:\/\/torseed.eu\/en\/wp-json\/wp\/v2\/product_cat?post=30129"},{"taxonomy":"product_tag","embeddable":true,"href":"https:\/\/torseed.eu\/en\/wp-json\/wp\/v2\/product_tag?post=30129"}],"curies":[{"name":"wp","href":"https:\/\/api.w.org\/{rel}","templated":true}]}}