{"id":30131,"date":"2022-06-15T06:24:13","date_gmt":"2022-06-15T06:24:13","guid":{"rendered":"https:\/\/refactor-second-attempt.torseed.dev.greenparrot.pl\/produkt\/hyzop-lekarski\/"},"modified":"2023-03-29T18:15:02","modified_gmt":"2023-03-29T18:15:02","slug":"hyzop-lekarski","status":"publish","type":"product","link":"https:\/\/torseed.eu\/en\/produkt\/hyzop-lekarski\/","title":{"rendered":"Hyzop lekarski"},"content":{"rendered":"<p>Ro\u015blina wieloletnia, kt\u00f3rej suszone lub\u00a0\u015bwie\u017ce ziele stosowane jest jako przyprawa kuchenna oraz jako surowiec w\u00a0leczeniu niestrawno\u015bci, nie\u017cytu b\u0142on \u015bluzowych przewodu pokarmowego i\u00a0oskrzeli. Wykazuje dzia\u0142anie przeciwzapalne i\u00a0oczyszczaj\u0105ce.<\/p>","protected":false},"excerpt":{"rendered":"<p>Ro\u015blina wieloletnia, kt\u00f3rej suszone lub\u00a0\u015bwie\u017ce ziele stosowane jest jako przyprawa kuchenna oraz jako surowiec w\u00a0leczeniu niestrawno\u015bci, nie\u017cytu b\u0142on \u015bluzowych przewodu pokarmowego i\u00a0oskrzeli. Wykazuje dzia\u0142anie przeciwzapalne i\u00a0oczyszczaj\u0105ce.<\/p>\n","protected":false},"featured_media":17982,"comment_status":"open","ping_status":"open","template":"","meta":{"inline_featured_image":false},"product_cat":[121],"product_tag":[],"acf":[],"featured_image":"https:\/\/torseed.eu\/app\/uploads\/2023\/03\/660.jpg","_links":{"self":[{"href":"https:\/\/torseed.eu\/en\/wp-json\/wp\/v2\/product\/30131"}],"collection":[{"href":"https:\/\/torseed.eu\/en\/wp-json\/wp\/v2\/product"}],"about":[{"href":"https:\/\/torseed.eu\/en\/wp-json\/wp\/v2\/types\/product"}],"replies":[{"embeddable":true,"href":"https:\/\/torseed.eu\/en\/wp-json\/wp\/v2\/comments?post=30131"}],"version-history":[{"count":0,"href":"https:\/\/torseed.eu\/en\/wp-json\/wp\/v2\/product\/30131\/revisions"}],"wp:featuredmedia":[{"embeddable":true,"href":"https:\/\/torseed.eu\/en\/wp-json\/wp\/v2\/media\/17982"}],"wp:attachment":[{"href":"https:\/\/torseed.eu\/en\/wp-json\/wp\/v2\/media?parent=30131"}],"wp:term":[{"taxonomy":"product_cat","embeddable":true,"href":"https:\/\/torseed.eu\/en\/wp-json\/wp\/v2\/product_cat?post=30131"},{"taxonomy":"product_tag","embeddable":true,"href":"https:\/\/torseed.eu\/en\/wp-json\/wp\/v2\/product_tag?post=30131"}],"curies":[{"name":"wp","href":"https:\/\/api.w.org\/{rel}","templated":true}]}}