{"id":30132,"date":"2022-06-15T06:24:12","date_gmt":"2022-06-15T06:24:12","guid":{"rendered":"https:\/\/refactor-second-attempt.torseed.dev.greenparrot.pl\/produkt\/estragon\/"},"modified":"2023-03-29T18:15:03","modified_gmt":"2023-03-29T18:15:03","slug":"estragon","status":"publish","type":"product","link":"https:\/\/torseed.eu\/en\/produkt\/estragon\/","title":{"rendered":"Estragon"},"content":{"rendered":"<p>Wysoka, wieloletnia ro\u015blina lecznicza i przyprawowa o ostrym, gorzkawym i korzennym smaku. U\u0142atwia trawienie, podnosi apetyt, zawiera du\u017co witaminy A i C. Li\u015bcie stosowane jako przyprawa do mi\u0119s, ryb, zup i sos\u00f3w oraz do kwaszenia og\u00f3rk\u00f3w i kapusty.<\/p>","protected":false},"excerpt":{"rendered":"<p>Wysoka, wieloletnia ro\u015blina lecznicza i przyprawowa o ostrym, gorzkawym i korzennym smaku. U\u0142atwia trawienie, podnosi apetyt, zawiera du\u017co witaminy A i C. Li\u015bcie stosowane jako przyprawa do mi\u0119s, ryb, zup i sos\u00f3w oraz do kwaszenia og\u00f3rk\u00f3w i kapusty.<\/p>\n","protected":false},"featured_media":17979,"comment_status":"open","ping_status":"open","template":"","meta":{"inline_featured_image":false},"product_cat":[121],"product_tag":[],"acf":[],"featured_image":"https:\/\/torseed.eu\/app\/uploads\/2023\/03\/8396.jpg","_links":{"self":[{"href":"https:\/\/torseed.eu\/en\/wp-json\/wp\/v2\/product\/30132"}],"collection":[{"href":"https:\/\/torseed.eu\/en\/wp-json\/wp\/v2\/product"}],"about":[{"href":"https:\/\/torseed.eu\/en\/wp-json\/wp\/v2\/types\/product"}],"replies":[{"embeddable":true,"href":"https:\/\/torseed.eu\/en\/wp-json\/wp\/v2\/comments?post=30132"}],"version-history":[{"count":0,"href":"https:\/\/torseed.eu\/en\/wp-json\/wp\/v2\/product\/30132\/revisions"}],"wp:featuredmedia":[{"embeddable":true,"href":"https:\/\/torseed.eu\/en\/wp-json\/wp\/v2\/media\/17979"}],"wp:attachment":[{"href":"https:\/\/torseed.eu\/en\/wp-json\/wp\/v2\/media?parent=30132"}],"wp:term":[{"taxonomy":"product_cat","embeddable":true,"href":"https:\/\/torseed.eu\/en\/wp-json\/wp\/v2\/product_cat?post=30132"},{"taxonomy":"product_tag","embeddable":true,"href":"https:\/\/torseed.eu\/en\/wp-json\/wp\/v2\/product_tag?post=30132"}],"curies":[{"name":"wp","href":"https:\/\/api.w.org\/{rel}","templated":true}]}}