{"id":30133,"date":"2022-06-15T06:24:11","date_gmt":"2022-06-15T06:24:11","guid":{"rendered":"https:\/\/refactor-second-attempt.torseed.dev.greenparrot.pl\/produkt\/dziurawiec-zwyczajny\/"},"modified":"2023-03-29T18:15:04","modified_gmt":"2023-03-29T18:15:04","slug":"dziurawiec-zwyczajny","status":"publish","type":"product","link":"https:\/\/torseed.eu\/en\/produkt\/dziurawiec-zwyczajny\/","title":{"rendered":"Dziurawiec zwyczajny"},"content":{"rendered":"<p>Ro\u015blina wieloletnia uprawiana z siewu jesiennego. Nasiona ugniatamy bez przykrywania ziemi\u0105. Wschody nast\u0119puj\u0105 wiosn\u0105. Zastosowanie: choroby w\u0105troby, pobudzanie czynno\u015bci \u017co\u0142\u0105dka, odtruwanie organizmu.<\/p>","protected":false},"excerpt":{"rendered":"<p>Ro\u015blina wieloletnia uprawiana z siewu jesiennego. Nasiona ugniatamy bez przykrywania ziemi\u0105. Wschody nast\u0119puj\u0105 wiosn\u0105. Zastosowanie: choroby w\u0105troby, pobudzanie czynno\u015bci \u017co\u0142\u0105dka, odtruwanie organizmu.<\/p>\n","protected":false},"featured_media":17976,"comment_status":"open","ping_status":"open","template":"","meta":{"inline_featured_image":false},"product_cat":[121],"product_tag":[],"acf":[],"featured_image":"https:\/\/torseed.eu\/app\/uploads\/2023\/03\/658.jpg","_links":{"self":[{"href":"https:\/\/torseed.eu\/en\/wp-json\/wp\/v2\/product\/30133"}],"collection":[{"href":"https:\/\/torseed.eu\/en\/wp-json\/wp\/v2\/product"}],"about":[{"href":"https:\/\/torseed.eu\/en\/wp-json\/wp\/v2\/types\/product"}],"replies":[{"embeddable":true,"href":"https:\/\/torseed.eu\/en\/wp-json\/wp\/v2\/comments?post=30133"}],"version-history":[{"count":0,"href":"https:\/\/torseed.eu\/en\/wp-json\/wp\/v2\/product\/30133\/revisions"}],"wp:featuredmedia":[{"embeddable":true,"href":"https:\/\/torseed.eu\/en\/wp-json\/wp\/v2\/media\/17976"}],"wp:attachment":[{"href":"https:\/\/torseed.eu\/en\/wp-json\/wp\/v2\/media?parent=30133"}],"wp:term":[{"taxonomy":"product_cat","embeddable":true,"href":"https:\/\/torseed.eu\/en\/wp-json\/wp\/v2\/product_cat?post=30133"},{"taxonomy":"product_tag","embeddable":true,"href":"https:\/\/torseed.eu\/en\/wp-json\/wp\/v2\/product_tag?post=30133"}],"curies":[{"name":"wp","href":"https:\/\/api.w.org\/{rel}","templated":true}]}}