{"id":30135,"date":"2022-06-15T06:24:10","date_gmt":"2022-06-15T06:24:10","guid":{"rendered":"https:\/\/refactor-second-attempt.torseed.dev.greenparrot.pl\/produkt\/czosnek-niedzwiedzi\/"},"modified":"2023-03-29T18:15:06","modified_gmt":"2023-03-29T18:15:06","slug":"czosnek-niedzwiedzi","status":"publish","type":"product","link":"https:\/\/torseed.eu\/en\/produkt\/czosnek-niedzwiedzi\/","title":{"rendered":"Czosnek nied\u017awiedzi"},"content":{"rendered":"<p>Wieloletnia ro\u015blina przyprawowa i lecznicza o wys. 30-40 cm, wytwarzaj\u0105ca wiosn\u0105 jajowate, jadalne li\u015bcie. Bia\u0142e kwiatostany nie s\u0105 zalecane do spo\u017cycia. Mo\u017ce rosn\u0105\u0107 w cieniu. Li\u015bcie czosnku mo\u017cna u\u017cywa\u0107 do sa\u0142atek, twarog\u00f3w, zup, kanapek, pesto. G\u0142\u00f3wnie ze wzgl\u0119du na bardzo wysok\u0105 zawarto\u015b\u0107 siarki organicznej wykazuje dzia\u0142anie antybiotyczne, przeciwnowotworowe, podwy\u017csza odporno\u015b\u0107, obni\u017ca ci\u015bnienie oraz poziom cholesterolu.<\/p>","protected":false},"excerpt":{"rendered":"<p>Wieloletnia ro\u015blina przyprawowa i lecznicza o wys. 30-40 cm, wytwarzaj\u0105ca wiosn\u0105 jajowate, jadalne li\u015bcie. Bia\u0142e kwiatostany nie s\u0105 zalecane do spo\u017cycia. Mo\u017ce rosn\u0105\u0107 w cieniu. Li\u015bcie czosnku mo\u017cna u\u017cywa\u0107 do sa\u0142atek, twarog\u00f3w, zup, kanapek, pesto. G\u0142\u00f3wnie ze wzgl\u0119du na bardzo wysok\u0105 zawarto\u015b\u0107 siarki organicznej wykazuje dzia\u0142anie antybiotyczne, przeciwnowotworowe, podwy\u017csza odporno\u015b\u0107, obni\u017ca ci\u015bnienie oraz poziom cholesterolu.<\/p>\n","protected":false},"featured_media":17973,"comment_status":"open","ping_status":"open","template":"","meta":{"inline_featured_image":false},"product_cat":[121],"product_tag":[],"acf":[],"featured_image":"https:\/\/torseed.eu\/app\/uploads\/2023\/03\/9058.jpg","_links":{"self":[{"href":"https:\/\/torseed.eu\/en\/wp-json\/wp\/v2\/product\/30135"}],"collection":[{"href":"https:\/\/torseed.eu\/en\/wp-json\/wp\/v2\/product"}],"about":[{"href":"https:\/\/torseed.eu\/en\/wp-json\/wp\/v2\/types\/product"}],"replies":[{"embeddable":true,"href":"https:\/\/torseed.eu\/en\/wp-json\/wp\/v2\/comments?post=30135"}],"version-history":[{"count":0,"href":"https:\/\/torseed.eu\/en\/wp-json\/wp\/v2\/product\/30135\/revisions"}],"wp:featuredmedia":[{"embeddable":true,"href":"https:\/\/torseed.eu\/en\/wp-json\/wp\/v2\/media\/17973"}],"wp:attachment":[{"href":"https:\/\/torseed.eu\/en\/wp-json\/wp\/v2\/media?parent=30135"}],"wp:term":[{"taxonomy":"product_cat","embeddable":true,"href":"https:\/\/torseed.eu\/en\/wp-json\/wp\/v2\/product_cat?post=30135"},{"taxonomy":"product_tag","embeddable":true,"href":"https:\/\/torseed.eu\/en\/wp-json\/wp\/v2\/product_tag?post=30135"}],"curies":[{"name":"wp","href":"https:\/\/api.w.org\/{rel}","templated":true}]}}