{"id":30137,"date":"2022-06-15T06:24:08","date_gmt":"2022-06-15T06:24:08","guid":{"rendered":"https:\/\/refactor-second-attempt.torseed.dev.greenparrot.pl\/produkt\/bazylia-mix\/"},"modified":"2023-03-29T18:15:07","modified_gmt":"2023-03-29T18:15:07","slug":"bazylia-mix","status":"publish","type":"product","link":"https:\/\/torseed.eu\/en\/produkt\/bazylia-mix\/","title":{"rendered":"Bazylia mix"},"content":{"rendered":"<p>Mieszanka kilku odmian bazylii o r\u00f3\u017cnym pokroju, wielko\u015bci, kolorze i aromacie, dzi\u0119ki czemu nadaje si\u0119 idealnie do r\u00f3\u017cnego rodzaju sa\u0142atek oraz potraw na bazie pomidor\u00f3w. Jest szeroko wykorzystywana jako przyprawa w kuchni w\u0142oskiej. Ponadto bazylia wykazuje w\u0142a\u015bciwo\u015bci prozdrowotne wp\u0142ywaj\u0105c korzystnie na flor\u0119 bakteryjn\u0105 jelit.<\/p>","protected":false},"excerpt":{"rendered":"<p>Mieszanka kilku odmian bazylii o r\u00f3\u017cnym pokroju, wielko\u015bci, kolorze i aromacie, dzi\u0119ki czemu nadaje si\u0119 idealnie do r\u00f3\u017cnego rodzaju sa\u0142atek oraz potraw na bazie pomidor\u00f3w. Jest szeroko wykorzystywana jako przyprawa w kuchni w\u0142oskiej. Ponadto bazylia wykazuje w\u0142a\u015bciwo\u015bci prozdrowotne wp\u0142ywaj\u0105c korzystnie na flor\u0119 bakteryjn\u0105 jelit.<\/p>\n","protected":false},"featured_media":27306,"comment_status":"open","ping_status":"closed","template":"","meta":{"inline_featured_image":false},"product_cat":[121,129],"product_tag":[],"acf":[],"featured_image":"https:\/\/torseed.eu\/app\/uploads\/2023\/03\/9592.jpg","_links":{"self":[{"href":"https:\/\/torseed.eu\/en\/wp-json\/wp\/v2\/product\/30137"}],"collection":[{"href":"https:\/\/torseed.eu\/en\/wp-json\/wp\/v2\/product"}],"about":[{"href":"https:\/\/torseed.eu\/en\/wp-json\/wp\/v2\/types\/product"}],"replies":[{"embeddable":true,"href":"https:\/\/torseed.eu\/en\/wp-json\/wp\/v2\/comments?post=30137"}],"version-history":[{"count":0,"href":"https:\/\/torseed.eu\/en\/wp-json\/wp\/v2\/product\/30137\/revisions"}],"wp:featuredmedia":[{"embeddable":true,"href":"https:\/\/torseed.eu\/en\/wp-json\/wp\/v2\/media\/27306"}],"wp:attachment":[{"href":"https:\/\/torseed.eu\/en\/wp-json\/wp\/v2\/media?parent=30137"}],"wp:term":[{"taxonomy":"product_cat","embeddable":true,"href":"https:\/\/torseed.eu\/en\/wp-json\/wp\/v2\/product_cat?post=30137"},{"taxonomy":"product_tag","embeddable":true,"href":"https:\/\/torseed.eu\/en\/wp-json\/wp\/v2\/product_tag?post=30137"}],"curies":[{"name":"wp","href":"https:\/\/api.w.org\/{rel}","templated":true}]}}