{"id":30141,"date":"2022-06-15T06:24:00","date_gmt":"2022-06-15T06:24:00","guid":{"rendered":"https:\/\/refactor-second-attempt.torseed.dev.greenparrot.pl\/produkt\/bazylia-czerwona\/"},"modified":"2023-03-29T18:15:11","modified_gmt":"2023-03-29T18:15:11","slug":"bazylia-czerwona","status":"publish","type":"product","link":"https:\/\/torseed.eu\/en\/produkt\/bazylia-czerwona\/","title":{"rendered":"Bazylia czerwona"},"content":{"rendered":"<p>Ro\u015blina jednoroczna. Cz\u0119\u015bci\u0105 u\u017cytkow\u0105 s\u0105 \u015bwie\u017ce lub suszone li\u015bcie stosowane jako przyprawa do potraw. W lecznictwie jako zio\u0142o wspomagaj\u0105ce trawienie.<\/p>","protected":false},"excerpt":{"rendered":"<p>Ro\u015blina jednoroczna. Cz\u0119\u015bci\u0105 u\u017cytkow\u0105 s\u0105 \u015bwie\u017ce lub suszone li\u015bcie stosowane jako przyprawa do potraw. W lecznictwie jako zio\u0142o wspomagaj\u0105ce trawienie.<\/p>\n","protected":false},"featured_media":17955,"comment_status":"open","ping_status":"open","template":"","meta":{"inline_featured_image":false},"product_cat":[121],"product_tag":[],"acf":[],"featured_image":"https:\/\/torseed.eu\/app\/uploads\/2023\/03\/650.jpg","_links":{"self":[{"href":"https:\/\/torseed.eu\/en\/wp-json\/wp\/v2\/product\/30141"}],"collection":[{"href":"https:\/\/torseed.eu\/en\/wp-json\/wp\/v2\/product"}],"about":[{"href":"https:\/\/torseed.eu\/en\/wp-json\/wp\/v2\/types\/product"}],"replies":[{"embeddable":true,"href":"https:\/\/torseed.eu\/en\/wp-json\/wp\/v2\/comments?post=30141"}],"version-history":[{"count":0,"href":"https:\/\/torseed.eu\/en\/wp-json\/wp\/v2\/product\/30141\/revisions"}],"wp:featuredmedia":[{"embeddable":true,"href":"https:\/\/torseed.eu\/en\/wp-json\/wp\/v2\/media\/17955"}],"wp:attachment":[{"href":"https:\/\/torseed.eu\/en\/wp-json\/wp\/v2\/media?parent=30141"}],"wp:term":[{"taxonomy":"product_cat","embeddable":true,"href":"https:\/\/torseed.eu\/en\/wp-json\/wp\/v2\/product_cat?post=30141"},{"taxonomy":"product_tag","embeddable":true,"href":"https:\/\/torseed.eu\/en\/wp-json\/wp\/v2\/product_tag?post=30141"}],"curies":[{"name":"wp","href":"https:\/\/api.w.org\/{rel}","templated":true}]}}