{"id":30142,"date":"2022-06-15T06:23:59","date_gmt":"2022-06-15T06:23:59","guid":{"rendered":"https:\/\/refactor-second-attempt.torseed.dev.greenparrot.pl\/produkt\/arcydziegiel-litwor\/"},"modified":"2023-03-29T18:15:12","modified_gmt":"2023-03-29T18:15:12","slug":"arcydziegiel-litwor","status":"publish","type":"product","link":"https:\/\/torseed.eu\/en\/produkt\/arcydziegiel-litwor\/","title":{"rendered":"Arcydzi\u0119giel litwor"},"content":{"rendered":"<p>Du\u017ca, dwuletnia ro\u015blina lecznicza osi\u0105gaj\u0105ca do 3m wysoko\u015bci. G\u0142\u00f3wn\u0105 cz\u0119\u015b\u0107 u\u017cytkow\u0105 stanowi korze\u0144 stosowany w leczeniu wielu schorze\u0144, jednak przede wszystkim jako regulator proces\u00f3w trawiennych. Kandyzowane ogonki li\u015bciowe maj\u0105 zastosowanie w cukiernictwie, za\u015b nasiona do aromatyzowania w\u00f3dek i likier\u00f3w.<\/p>","protected":false},"excerpt":{"rendered":"<p>Du\u017ca, dwuletnia ro\u015blina lecznicza osi\u0105gaj\u0105ca do 3m wysoko\u015bci. G\u0142\u00f3wn\u0105 cz\u0119\u015b\u0107 u\u017cytkow\u0105 stanowi korze\u0144 stosowany w leczeniu wielu schorze\u0144, jednak przede wszystkim jako regulator proces\u00f3w trawiennych. Kandyzowane ogonki li\u015bciowe maj\u0105 zastosowanie w cukiernictwie, za\u015b nasiona do aromatyzowania w\u00f3dek i likier\u00f3w.<\/p>\n","protected":false},"featured_media":17949,"comment_status":"open","ping_status":"closed","template":"","meta":{"inline_featured_image":false},"product_cat":[121],"product_tag":[],"acf":[],"featured_image":"https:\/\/torseed.eu\/app\/uploads\/2023\/03\/648.jpg","_links":{"self":[{"href":"https:\/\/torseed.eu\/en\/wp-json\/wp\/v2\/product\/30142"}],"collection":[{"href":"https:\/\/torseed.eu\/en\/wp-json\/wp\/v2\/product"}],"about":[{"href":"https:\/\/torseed.eu\/en\/wp-json\/wp\/v2\/types\/product"}],"replies":[{"embeddable":true,"href":"https:\/\/torseed.eu\/en\/wp-json\/wp\/v2\/comments?post=30142"}],"version-history":[{"count":0,"href":"https:\/\/torseed.eu\/en\/wp-json\/wp\/v2\/product\/30142\/revisions"}],"wp:featuredmedia":[{"embeddable":true,"href":"https:\/\/torseed.eu\/en\/wp-json\/wp\/v2\/media\/17949"}],"wp:attachment":[{"href":"https:\/\/torseed.eu\/en\/wp-json\/wp\/v2\/media?parent=30142"}],"wp:term":[{"taxonomy":"product_cat","embeddable":true,"href":"https:\/\/torseed.eu\/en\/wp-json\/wp\/v2\/product_cat?post=30142"},{"taxonomy":"product_tag","embeddable":true,"href":"https:\/\/torseed.eu\/en\/wp-json\/wp\/v2\/product_tag?post=30142"}],"curies":[{"name":"wp","href":"https:\/\/api.w.org\/{rel}","templated":true}]}}