{"id":30145,"date":"2022-06-15T06:23:49","date_gmt":"2022-06-15T06:23:49","guid":{"rendered":"https:\/\/refactor-second-attempt.torseed.dev.greenparrot.pl\/produkt\/szpinak-matador-tor\/"},"modified":"2023-03-29T18:15:27","modified_gmt":"2023-03-29T18:15:27","slug":"szpinak-matador-tor","status":"publish","type":"product","link":"https:\/\/torseed.eu\/en\/produkt\/szpinak-matador-tor\/","title":{"rendered":"Szpinak Matador TOR"},"content":{"rendered":"\n<p>Odmiana do uprawy wiosennej, jesiennej, ozimej. nie wykazuje sk\u0142onnosci do wybijania w p\u0119dy nasienne. Li\u015bcie stanowi\u0105 r\u00f3wnie\u017c doskona\u0142y surowiec do mro\u017cenia.<\/p>\n","protected":false},"excerpt":{"rendered":"<p>Odmiana do uprawy wiosennej, jesiennej, ozimej. nie wykazuje sk\u0142onnosci do wybijania w p\u0119dy nasienne. Li\u015bcie stanowi\u0105 r\u00f3wnie\u017c doskona\u0142y surowiec do mro\u017cenia.<\/p>\n","protected":false},"featured_media":27249,"comment_status":"open","ping_status":"closed","template":"","meta":{"inline_featured_image":false},"product_cat":[107,117],"product_tag":[],"acf":[],"featured_image":"https:\/\/torseed.eu\/app\/uploads\/2023\/03\/541.jpg","_links":{"self":[{"href":"https:\/\/torseed.eu\/en\/wp-json\/wp\/v2\/product\/30145"}],"collection":[{"href":"https:\/\/torseed.eu\/en\/wp-json\/wp\/v2\/product"}],"about":[{"href":"https:\/\/torseed.eu\/en\/wp-json\/wp\/v2\/types\/product"}],"replies":[{"embeddable":true,"href":"https:\/\/torseed.eu\/en\/wp-json\/wp\/v2\/comments?post=30145"}],"version-history":[{"count":0,"href":"https:\/\/torseed.eu\/en\/wp-json\/wp\/v2\/product\/30145\/revisions"}],"wp:featuredmedia":[{"embeddable":true,"href":"https:\/\/torseed.eu\/en\/wp-json\/wp\/v2\/media\/27249"}],"wp:attachment":[{"href":"https:\/\/torseed.eu\/en\/wp-json\/wp\/v2\/media?parent=30145"}],"wp:term":[{"taxonomy":"product_cat","embeddable":true,"href":"https:\/\/torseed.eu\/en\/wp-json\/wp\/v2\/product_cat?post=30145"},{"taxonomy":"product_tag","embeddable":true,"href":"https:\/\/torseed.eu\/en\/wp-json\/wp\/v2\/product_tag?post=30145"}],"curies":[{"name":"wp","href":"https:\/\/api.w.org\/{rel}","templated":true}]}}