{"id":30146,"date":"2022-06-15T06:23:48","date_gmt":"2022-06-15T06:23:48","guid":{"rendered":"https:\/\/refactor-second-attempt.torseed.dev.greenparrot.pl\/produkt\/szparag-argenteuil\/"},"modified":"2023-07-07T07:29:37","modified_gmt":"2023-07-07T06:29:37","slug":"szparag-argenteuil","status":"publish","type":"product","link":"https:\/\/torseed.eu\/en\/produkt\/szparag-argenteuil\/","title":{"rendered":"Szparag Argenteuil"},"content":{"rendered":"\r\n<p>Cenna, wieloletnia ro\u015blina, kt\u00f3rej cz\u0119\u015b\u0107 u\u017cytkow\u0105 stanowi\u0105 m\u0142ode p\u0119dy zwane wypustkami. W zale\u017cno\u015bci od sposobu produkcji otrzymuje si\u0119 wypustki bielone lub zielone. Na miejsce sta\u0142e wysadza\u0107 roczne karpy.<\/p>\r\n","protected":false},"excerpt":{"rendered":"<p>Cenna, wieloletnia ro\u015blina, kt\u00f3rej cz\u0119\u015b\u0107 u\u017cytkow\u0105 stanowi\u0105 m\u0142ode p\u0119dy zwane wypustkami. W zale\u017cno\u015bci od sposobu produkcji otrzymuje si\u0119 wypustki bielone lub zielone. Na miejsce sta\u0142e wysadza\u0107 roczne karpy.<\/p>\n","protected":false},"featured_media":27244,"comment_status":"open","ping_status":"closed","template":"","meta":{"inline_featured_image":false},"product_cat":[107,117],"product_tag":[],"acf":[],"featured_image":"https:\/\/torseed.eu\/app\/uploads\/2023\/03\/7318.jpg","_links":{"self":[{"href":"https:\/\/torseed.eu\/en\/wp-json\/wp\/v2\/product\/30146"}],"collection":[{"href":"https:\/\/torseed.eu\/en\/wp-json\/wp\/v2\/product"}],"about":[{"href":"https:\/\/torseed.eu\/en\/wp-json\/wp\/v2\/types\/product"}],"replies":[{"embeddable":true,"href":"https:\/\/torseed.eu\/en\/wp-json\/wp\/v2\/comments?post=30146"}],"version-history":[{"count":2,"href":"https:\/\/torseed.eu\/en\/wp-json\/wp\/v2\/product\/30146\/revisions"}],"predecessor-version":[{"id":38918,"href":"https:\/\/torseed.eu\/en\/wp-json\/wp\/v2\/product\/30146\/revisions\/38918"}],"wp:featuredmedia":[{"embeddable":true,"href":"https:\/\/torseed.eu\/en\/wp-json\/wp\/v2\/media\/27244"}],"wp:attachment":[{"href":"https:\/\/torseed.eu\/en\/wp-json\/wp\/v2\/media?parent=30146"}],"wp:term":[{"taxonomy":"product_cat","embeddable":true,"href":"https:\/\/torseed.eu\/en\/wp-json\/wp\/v2\/product_cat?post=30146"},{"taxonomy":"product_tag","embeddable":true,"href":"https:\/\/torseed.eu\/en\/wp-json\/wp\/v2\/product_tag?post=30146"}],"curies":[{"name":"wp","href":"https:\/\/api.w.org\/{rel}","templated":true}]}}