{"id":30152,"date":"2022-06-15T06:23:44","date_gmt":"2022-06-15T06:23:44","guid":{"rendered":"https:\/\/refactor-second-attempt.torseed.dev.greenparrot.pl\/produkt\/slonecznik-jadalny\/"},"modified":"2023-03-29T18:15:33","modified_gmt":"2023-03-29T18:15:33","slug":"slonecznik-jadalny","status":"publish","type":"product","link":"https:\/\/torseed.eu\/en\/produkt\/slonecznik-jadalny\/","title":{"rendered":"S\u0142onecznik jadalny"},"content":{"rendered":"<p>Cenna ro\u015blina oleista uprawiana dla \u015bwie\u017cego ziarna. \u0141odygi nie s\u0105 rozga\u0142\u0119zione, koszyczki (kwiatostany) pojedyncze, du\u017ce, dobrze wype\u0142nione ziarnem. Wymaga gleby pr\u00f3chniczej, bardzo \u017cyznej.<\/p>","protected":false},"excerpt":{"rendered":"<p>Cenna ro\u015blina oleista uprawiana dla \u015bwie\u017cego ziarna. \u0141odygi nie s\u0105 rozga\u0142\u0119zione, koszyczki (kwiatostany) pojedyncze, du\u017ce, dobrze wype\u0142nione ziarnem. Wymaga gleby pr\u00f3chniczej, bardzo \u017cyznej.<\/p>\n","protected":false},"featured_media":17912,"comment_status":"open","ping_status":"open","template":"","meta":{"inline_featured_image":false},"product_cat":[107,117],"product_tag":[],"acf":[],"featured_image":"https:\/\/torseed.eu\/app\/uploads\/2023\/03\/529.jpg","_links":{"self":[{"href":"https:\/\/torseed.eu\/en\/wp-json\/wp\/v2\/product\/30152"}],"collection":[{"href":"https:\/\/torseed.eu\/en\/wp-json\/wp\/v2\/product"}],"about":[{"href":"https:\/\/torseed.eu\/en\/wp-json\/wp\/v2\/types\/product"}],"replies":[{"embeddable":true,"href":"https:\/\/torseed.eu\/en\/wp-json\/wp\/v2\/comments?post=30152"}],"version-history":[{"count":0,"href":"https:\/\/torseed.eu\/en\/wp-json\/wp\/v2\/product\/30152\/revisions"}],"wp:featuredmedia":[{"embeddable":true,"href":"https:\/\/torseed.eu\/en\/wp-json\/wp\/v2\/media\/17912"}],"wp:attachment":[{"href":"https:\/\/torseed.eu\/en\/wp-json\/wp\/v2\/media?parent=30152"}],"wp:term":[{"taxonomy":"product_cat","embeddable":true,"href":"https:\/\/torseed.eu\/en\/wp-json\/wp\/v2\/product_cat?post=30152"},{"taxonomy":"product_tag","embeddable":true,"href":"https:\/\/torseed.eu\/en\/wp-json\/wp\/v2\/product_tag?post=30152"}],"curies":[{"name":"wp","href":"https:\/\/api.w.org\/{rel}","templated":true}]}}