{"id":30153,"date":"2022-06-15T06:23:43","date_gmt":"2022-06-15T06:23:43","guid":{"rendered":"https:\/\/refactor-second-attempt.torseed.dev.greenparrot.pl\/produkt\/seler-naciowy-pikant\/"},"modified":"2023-03-29T18:15:34","modified_gmt":"2023-03-29T18:15:34","slug":"seler-naciowy-pikant","status":"publish","type":"product","link":"https:\/\/torseed.eu\/en\/produkt\/seler-naciowy-pikant\/","title":{"rendered":"Seler naciowy Pikant"},"content":{"rendered":"<p>Odmiana wyhodowana specjalnie dla zbior\u00f3w bardzo aromatycznej naci, kt\u00f3ra mo\u017ce by\u0107 u\u017cytkowana \u015bwie\u017ca, suszona, mro\u017cona i do dekoracji. Li\u015bcie s\u0105 stoj\u0105ce, \u015brednio zielone, bardzo poskr\u0119cane, przypominaj\u0105ce k\u0119dzierzaw\u0105 pietruszk\u0119. Zbi\u00f3r mo\u017ce by\u0107 stopniowy, najwi\u0119kszy po 70 &#8211; 80 dniach. Odmiana jest odporna na septorioz\u0119 i toleruje przymrozki.<\/p>","protected":false},"excerpt":{"rendered":"<p>Odmiana wyhodowana specjalnie dla zbior\u00f3w bardzo aromatycznej naci, kt\u00f3ra mo\u017ce by\u0107 u\u017cytkowana \u015bwie\u017ca, suszona, mro\u017cona i do dekoracji. Li\u015bcie s\u0105 stoj\u0105ce, \u015brednio zielone, bardzo poskr\u0119cane, przypominaj\u0105ce k\u0119dzierzaw\u0105 pietruszk\u0119. Zbi\u00f3r mo\u017ce by\u0107 stopniowy, najwi\u0119kszy po 70 &#8211; 80 dniach. Odmiana jest odporna na septorioz\u0119 i toleruje przymrozki.<\/p>\n","protected":false},"featured_media":17906,"comment_status":"open","ping_status":"open","template":"","meta":{"inline_featured_image":false},"product_cat":[107,117],"product_tag":[],"acf":[],"featured_image":"https:\/\/torseed.eu\/app\/uploads\/2023\/03\/7315.jpg","_links":{"self":[{"href":"https:\/\/torseed.eu\/en\/wp-json\/wp\/v2\/product\/30153"}],"collection":[{"href":"https:\/\/torseed.eu\/en\/wp-json\/wp\/v2\/product"}],"about":[{"href":"https:\/\/torseed.eu\/en\/wp-json\/wp\/v2\/types\/product"}],"replies":[{"embeddable":true,"href":"https:\/\/torseed.eu\/en\/wp-json\/wp\/v2\/comments?post=30153"}],"version-history":[{"count":0,"href":"https:\/\/torseed.eu\/en\/wp-json\/wp\/v2\/product\/30153\/revisions"}],"wp:featuredmedia":[{"embeddable":true,"href":"https:\/\/torseed.eu\/en\/wp-json\/wp\/v2\/media\/17906"}],"wp:attachment":[{"href":"https:\/\/torseed.eu\/en\/wp-json\/wp\/v2\/media?parent=30153"}],"wp:term":[{"taxonomy":"product_cat","embeddable":true,"href":"https:\/\/torseed.eu\/en\/wp-json\/wp\/v2\/product_cat?post=30153"},{"taxonomy":"product_tag","embeddable":true,"href":"https:\/\/torseed.eu\/en\/wp-json\/wp\/v2\/product_tag?post=30153"}],"curies":[{"name":"wp","href":"https:\/\/api.w.org\/{rel}","templated":true}]}}