{"id":30154,"date":"2022-06-15T06:23:42","date_gmt":"2022-06-15T06:23:42","guid":{"rendered":"https:\/\/refactor-second-attempt.torseed.dev.greenparrot.pl\/produkt\/seler-naciowy-gewone-snij\/"},"modified":"2023-03-29T18:15:35","modified_gmt":"2023-03-29T18:15:35","slug":"seler-naciowy-gewone-snij","status":"publish","type":"product","link":"https:\/\/torseed.eu\/en\/produkt\/seler-naciowy-gewone-snij\/","title":{"rendered":"Seler naciowy Gewone Snij"},"content":{"rendered":"<p>Ro\u015blina o cennych walorach dietetycznych, smakowych i leczniczych. Cz\u0119\u015bci\u0105 jadaln\u0105 s\u0105 zgrubia\u0142e, aromatyczne ogonki li\u015bciowe.<\/p>","protected":false},"excerpt":{"rendered":"<p>Ro\u015blina o cennych walorach dietetycznych, smakowych i leczniczych. Cz\u0119\u015bci\u0105 jadaln\u0105 s\u0105 zgrubia\u0142e, aromatyczne ogonki li\u015bciowe.<\/p>\n","protected":false},"featured_media":17903,"comment_status":"open","ping_status":"open","template":"","meta":{"inline_featured_image":false},"product_cat":[107,117],"product_tag":[],"acf":[],"featured_image":"https:\/\/torseed.eu\/app\/uploads\/2023\/03\/7314.jpg","_links":{"self":[{"href":"https:\/\/torseed.eu\/en\/wp-json\/wp\/v2\/product\/30154"}],"collection":[{"href":"https:\/\/torseed.eu\/en\/wp-json\/wp\/v2\/product"}],"about":[{"href":"https:\/\/torseed.eu\/en\/wp-json\/wp\/v2\/types\/product"}],"replies":[{"embeddable":true,"href":"https:\/\/torseed.eu\/en\/wp-json\/wp\/v2\/comments?post=30154"}],"version-history":[{"count":0,"href":"https:\/\/torseed.eu\/en\/wp-json\/wp\/v2\/product\/30154\/revisions"}],"wp:featuredmedia":[{"embeddable":true,"href":"https:\/\/torseed.eu\/en\/wp-json\/wp\/v2\/media\/17903"}],"wp:attachment":[{"href":"https:\/\/torseed.eu\/en\/wp-json\/wp\/v2\/media?parent=30154"}],"wp:term":[{"taxonomy":"product_cat","embeddable":true,"href":"https:\/\/torseed.eu\/en\/wp-json\/wp\/v2\/product_cat?post=30154"},{"taxonomy":"product_tag","embeddable":true,"href":"https:\/\/torseed.eu\/en\/wp-json\/wp\/v2\/product_tag?post=30154"}],"curies":[{"name":"wp","href":"https:\/\/api.w.org\/{rel}","templated":true}]}}