{"id":30161,"date":"2022-06-15T06:23:31","date_gmt":"2022-06-15T06:23:31","guid":{"rendered":"https:\/\/refactor-second-attempt.torseed.dev.greenparrot.pl\/produkt\/salata-mieszanka-odmian-tasma\/"},"modified":"2023-03-29T18:15:41","modified_gmt":"2023-03-29T18:15:41","slug":"salata-mieszanka-odmian-tasma","status":"publish","type":"product","link":"https:\/\/torseed.eu\/en\/produkt\/salata-mieszanka-odmian-tasma\/","title":{"rendered":"Sa\u0142ata mieszanka odmian TA\u015aMA"},"content":{"rendered":"<p>Ro\u015blina jednoroczna o okaza\u0142ych kwiatach. Wymaga gleby \u017cyznej, przepuszczalnej. Zastosowanie: na kwiat ci\u0119ty, na rabaty.<\/p>","protected":false},"excerpt":{"rendered":"<p>Ro\u015blina jednoroczna o okaza\u0142ych kwiatach. Wymaga gleby \u017cyznej, przepuszczalnej. Zastosowanie: na kwiat ci\u0119ty, na rabaty.<\/p>\n","protected":false},"featured_media":27169,"comment_status":"open","ping_status":"closed","template":"","meta":{"inline_featured_image":false},"product_cat":[107,113],"product_tag":[],"acf":[],"featured_image":"https:\/\/torseed.eu\/app\/uploads\/2023\/03\/8958.jpg","_links":{"self":[{"href":"https:\/\/torseed.eu\/en\/wp-json\/wp\/v2\/product\/30161"}],"collection":[{"href":"https:\/\/torseed.eu\/en\/wp-json\/wp\/v2\/product"}],"about":[{"href":"https:\/\/torseed.eu\/en\/wp-json\/wp\/v2\/types\/product"}],"replies":[{"embeddable":true,"href":"https:\/\/torseed.eu\/en\/wp-json\/wp\/v2\/comments?post=30161"}],"version-history":[{"count":0,"href":"https:\/\/torseed.eu\/en\/wp-json\/wp\/v2\/product\/30161\/revisions"}],"wp:featuredmedia":[{"embeddable":true,"href":"https:\/\/torseed.eu\/en\/wp-json\/wp\/v2\/media\/27169"}],"wp:attachment":[{"href":"https:\/\/torseed.eu\/en\/wp-json\/wp\/v2\/media?parent=30161"}],"wp:term":[{"taxonomy":"product_cat","embeddable":true,"href":"https:\/\/torseed.eu\/en\/wp-json\/wp\/v2\/product_cat?post=30161"},{"taxonomy":"product_tag","embeddable":true,"href":"https:\/\/torseed.eu\/en\/wp-json\/wp\/v2\/product_tag?post=30161"}],"curies":[{"name":"wp","href":"https:\/\/api.w.org\/{rel}","templated":true}]}}