{"id":30162,"date":"2022-06-15T06:23:30","date_gmt":"2022-06-15T06:23:30","guid":{"rendered":"https:\/\/refactor-second-attempt.torseed.dev.greenparrot.pl\/produkt\/salata-rzymska-parris-island-cos\/"},"modified":"2023-03-29T18:15:42","modified_gmt":"2023-03-29T18:15:42","slug":"salata-rzymska-parris-island-cos","status":"publish","type":"product","link":"https:\/\/torseed.eu\/en\/produkt\/salata-rzymska-parris-island-cos\/","title":{"rendered":"Sa\u0142ata rzymska Parris Island cos"},"content":{"rendered":"<p>Sa\u0142ata rzymska \u2013 Nowy typ sa\u0142aty tworz\u0105cy du\u017ce, lu\u017ane g\u0142\u00f3wki z wyd\u0142u\u017conych li\u015bci. Cz\u0119\u015bci\u0105 u\u017cytkow\u0105 jest g\u0142\u00f3wka pozbawiona zewn\u0119trznych li\u015bci. Zawiera dwukrotnie wi\u0119cej witaminy A i C ni\u017c inne typy sa\u0142at.<\/p>","protected":false},"excerpt":{"rendered":"<p>Sa\u0142ata rzymska \u2013 Nowy typ sa\u0142aty tworz\u0105cy du\u017ce, lu\u017ane g\u0142\u00f3wki z wyd\u0142u\u017conych li\u015bci. Cz\u0119\u015bci\u0105 u\u017cytkow\u0105 jest g\u0142\u00f3wka pozbawiona zewn\u0119trznych li\u015bci. Zawiera dwukrotnie wi\u0119cej witaminy A i C ni\u017c inne typy sa\u0142at.<\/p>\n","protected":false},"featured_media":17876,"comment_status":"open","ping_status":"open","template":"","meta":{"inline_featured_image":false},"product_cat":[107,117],"product_tag":[],"acf":[],"featured_image":"https:\/\/torseed.eu\/app\/uploads\/2023\/03\/8156.jpg","_links":{"self":[{"href":"https:\/\/torseed.eu\/en\/wp-json\/wp\/v2\/product\/30162"}],"collection":[{"href":"https:\/\/torseed.eu\/en\/wp-json\/wp\/v2\/product"}],"about":[{"href":"https:\/\/torseed.eu\/en\/wp-json\/wp\/v2\/types\/product"}],"replies":[{"embeddable":true,"href":"https:\/\/torseed.eu\/en\/wp-json\/wp\/v2\/comments?post=30162"}],"version-history":[{"count":0,"href":"https:\/\/torseed.eu\/en\/wp-json\/wp\/v2\/product\/30162\/revisions"}],"wp:featuredmedia":[{"embeddable":true,"href":"https:\/\/torseed.eu\/en\/wp-json\/wp\/v2\/media\/17876"}],"wp:attachment":[{"href":"https:\/\/torseed.eu\/en\/wp-json\/wp\/v2\/media?parent=30162"}],"wp:term":[{"taxonomy":"product_cat","embeddable":true,"href":"https:\/\/torseed.eu\/en\/wp-json\/wp\/v2\/product_cat?post=30162"},{"taxonomy":"product_tag","embeddable":true,"href":"https:\/\/torseed.eu\/en\/wp-json\/wp\/v2\/product_tag?post=30162"}],"curies":[{"name":"wp","href":"https:\/\/api.w.org\/{rel}","templated":true}]}}