{"id":30165,"date":"2022-06-15T06:23:23","date_gmt":"2022-06-15T06:23:23","guid":{"rendered":"https:\/\/refactor-second-attempt.torseed.dev.greenparrot.pl\/produkt\/salata-lodygowa-glabik-purpurat\/"},"modified":"2023-03-29T18:16:01","modified_gmt":"2023-03-29T18:16:01","slug":"salata-lodygowa-glabik-purpurat","status":"publish","type":"product","link":"https:\/\/torseed.eu\/en\/produkt\/salata-lodygowa-glabik-purpurat\/","title":{"rendered":"Sa\u0142ata \u0142odygowa (G\u0142\u0105bik) Purpurat"},"content":{"rendered":"<p>Cz\u0119\u015bcia jadaln\u0105 jest gruba i soczysta \u0142odyga d\u0142ugo\u015bci 30-60 cm. Sk\u00f3rka jest czerwonawa, a mi\u0105\u017csz bia\u0142o zielony. Spo\u017cywana mo\u017ce by\u0107 na surowo, po ugotowaniu lub po zakiszeniu. Uprawia\u0107 bardzo wczesn\u0105 wiosn\u0105 albo na zbi\u00f3r jesienny (latem wybija w p\u0119dy nasienne i drewnieje).<\/p>","protected":false},"excerpt":{"rendered":"<p>Cz\u0119\u015bcia jadaln\u0105 jest gruba i soczysta \u0142odyga d\u0142ugo\u015bci 30-60 cm. Sk\u00f3rka jest czerwonawa, a mi\u0105\u017csz bia\u0142o zielony. Spo\u017cywana mo\u017ce by\u0107 na surowo, po ugotowaniu lub po zakiszeniu. Uprawia\u0107 bardzo wczesn\u0105 wiosn\u0105 albo na zbi\u00f3r jesienny (latem wybija w p\u0119dy nasienne i drewnieje).<\/p>\n","protected":false},"featured_media":17870,"comment_status":"open","ping_status":"open","template":"","meta":{"inline_featured_image":false},"product_cat":[117,107],"product_tag":[],"acf":[],"featured_image":"https:\/\/torseed.eu\/app\/uploads\/2023\/03\/9048.jpg","_links":{"self":[{"href":"https:\/\/torseed.eu\/en\/wp-json\/wp\/v2\/product\/30165"}],"collection":[{"href":"https:\/\/torseed.eu\/en\/wp-json\/wp\/v2\/product"}],"about":[{"href":"https:\/\/torseed.eu\/en\/wp-json\/wp\/v2\/types\/product"}],"replies":[{"embeddable":true,"href":"https:\/\/torseed.eu\/en\/wp-json\/wp\/v2\/comments?post=30165"}],"version-history":[{"count":0,"href":"https:\/\/torseed.eu\/en\/wp-json\/wp\/v2\/product\/30165\/revisions"}],"wp:featuredmedia":[{"embeddable":true,"href":"https:\/\/torseed.eu\/en\/wp-json\/wp\/v2\/media\/17870"}],"wp:attachment":[{"href":"https:\/\/torseed.eu\/en\/wp-json\/wp\/v2\/media?parent=30165"}],"wp:term":[{"taxonomy":"product_cat","embeddable":true,"href":"https:\/\/torseed.eu\/en\/wp-json\/wp\/v2\/product_cat?post=30165"},{"taxonomy":"product_tag","embeddable":true,"href":"https:\/\/torseed.eu\/en\/wp-json\/wp\/v2\/product_tag?post=30165"}],"curies":[{"name":"wp","href":"https:\/\/api.w.org\/{rel}","templated":true}]}}