{"id":30166,"date":"2022-06-15T06:23:22","date_gmt":"2022-06-15T06:23:22","guid":{"rendered":"https:\/\/refactor-second-attempt.torseed.dev.greenparrot.pl\/produkt\/salata-lisciowa-do-uprawy-w-polu-redin\/"},"modified":"2023-03-29T18:16:01","modified_gmt":"2023-03-29T18:16:01","slug":"salata-lisciowa-do-uprawy-w-polu-redin","status":"publish","type":"product","link":"https:\/\/torseed.eu\/en\/produkt\/salata-lisciowa-do-uprawy-w-polu-redin\/","title":{"rendered":"Sa\u0142ata li\u015bciowa (do uprawy w polu) Redin"},"content":{"rendered":"<p>Odmiana  do ca\u0142orocznej uprawy w polu, odporna na wybijanie w p\u0119dy nasienne. tworzy rozet\u0119 li\u015bci typu d\u0119bolistnego. Okres wegetacji od wysiewu wynosi 50-55 dni.<\/p>","protected":false},"excerpt":{"rendered":"<p>Odmiana do ca\u0142orocznej uprawy w polu, odporna na wybijanie w p\u0119dy nasienne. tworzy rozet\u0119 li\u015bci typu d\u0119bolistnego. Okres wegetacji od wysiewu wynosi 50-55 dni.<\/p>\n","protected":false},"featured_media":27139,"comment_status":"open","ping_status":"closed","template":"","meta":{"inline_featured_image":false},"product_cat":[107,117],"product_tag":[],"acf":[],"featured_image":"https:\/\/torseed.eu\/app\/uploads\/2023\/03\/8205.jpg","_links":{"self":[{"href":"https:\/\/torseed.eu\/en\/wp-json\/wp\/v2\/product\/30166"}],"collection":[{"href":"https:\/\/torseed.eu\/en\/wp-json\/wp\/v2\/product"}],"about":[{"href":"https:\/\/torseed.eu\/en\/wp-json\/wp\/v2\/types\/product"}],"replies":[{"embeddable":true,"href":"https:\/\/torseed.eu\/en\/wp-json\/wp\/v2\/comments?post=30166"}],"version-history":[{"count":0,"href":"https:\/\/torseed.eu\/en\/wp-json\/wp\/v2\/product\/30166\/revisions"}],"wp:featuredmedia":[{"embeddable":true,"href":"https:\/\/torseed.eu\/en\/wp-json\/wp\/v2\/media\/27139"}],"wp:attachment":[{"href":"https:\/\/torseed.eu\/en\/wp-json\/wp\/v2\/media?parent=30166"}],"wp:term":[{"taxonomy":"product_cat","embeddable":true,"href":"https:\/\/torseed.eu\/en\/wp-json\/wp\/v2\/product_cat?post=30166"},{"taxonomy":"product_tag","embeddable":true,"href":"https:\/\/torseed.eu\/en\/wp-json\/wp\/v2\/product_tag?post=30166"}],"curies":[{"name":"wp","href":"https:\/\/api.w.org\/{rel}","templated":true}]}}